{"id":2071,"date":"2022-03-30T21:28:54","date_gmt":"2022-03-31T00:28:54","guid":{"rendered":"https:\/\/ladc.sbc.org.br\/?page_id=2071"},"modified":"2023-10-21T14:29:30","modified_gmt":"2023-10-21T17:29:30","slug":"student-forum","status":"publish","type":"page","link":"https:\/\/ladc.sbc.org.br\/2023\/student-forum\/","title":{"rendered":"Student Forum"},"content":{"rendered":"\n<p><mark style=\"background-color:rgba(0, 0, 0, 0)\" class=\"has-inline-color has-vivid-red-color\">*** UPDATED WITH EXTENDED NOTIFICATION &#8211; August 25 ***<br>*** UPDATED WITH CAMERA-READY &#8211; August 31 ***<br>*** UPDATED WITH PROCEEDINGS PUBLICATION IN THE ACM DL &#8211; August 31 ***<\/mark><\/p>\n\n\n\n<p>The Student Forum at LADC 2023 welcomes fresh and exciting ideas from students working in the field of dependable and secure computing. The forum is a great opportunity for students to present and receive early feedback on their research objectives, methods, and preliminary results.<\/p>\n\n\n\n<h2 class=\"wp-block-heading\"><strong>Submission Guidelines<\/strong><\/h2>\n\n\n\n<p>Student papers must have a student as the first author. The student\u2019s advisors may be co-authors of the submission. The paper should contextualize the topic, present preliminary results, and identify future research directions.<\/p>\n\n\n\n<p>Submitted papers should not be longer than 6 pages in length, and should be formatted using the <a href=\"https:\/\/authors.acm.org\/proceedings\/production-information\/taps-production-workflow\" target=\"_blank\" rel=\"noopener noreferrer\" data-auth=\"NotApplicable\" data-linkindex=\"5\">ACM sigconf template<\/a> (double column, documentclass[sigconf]{acmart} for LaTeX. Students should submit papers as a Portable Document Format (PDF) file through JEMS.<\/p>\n\n\n\n<p>The JEMS link for paper submission is <a href=\"https:\/\/jems.sbc.org.br\/home.cgi?c=4356\" target=\"_blank\" rel=\"noopener\">https:\/\/jems.sbc.org.br\/home.cgi?c=4356<\/a><\/p>\n\n\n\n<p>LADC&#8217;2023 Student Forum accepted papers will be published at the <strong>ACM Digital Library<\/strong>.<\/p>\n\n\n\n<p><strong>Accepted papers can be presented both at the conference as well as remotely.<\/strong> Remote presenters will be able to present at and attend the Student Forum through a virtual room. However, remote presenters will not be able to participate in the main track, keynotes, and tutorial since these will not be streamed.<\/p>\n\n\n\n<p>Comments and questions should be directed to the Student Forum Chair: Jo\u00e3o R. Campos (jrcampos@dei.uc.pt).<\/p>\n\n\n\n<p>Major topics include, but are not limited to:<\/p>\n\n\n\n<ul class=\"wp-block-list\">\n<li>Dependability of hardware: fault-tolerant architectures, multi-core systems, virtualization, nanoscale computers, hardware dependability assessment;<\/li>\n\n\n\n<li>Dependability of software: frameworks and software architectures for dependability, runtime monitoring, adaptation, model-driven dependability engineering, testing, verification, software certification;<\/li>\n\n\n\n<li>Dependability of networks: LAN, WAN, mobile, ad-hoc, sensor networks, protocols;<\/li>\n\n\n\n<li>Dependability of data: storage, databases;<\/li>\n\n\n\n<li>Dependability of maintenance: tuning performance and availability, security configuration;<\/li>\n\n\n\n<li>Dependability and human issues: human-computer interaction, management of complex systems;<\/li>\n\n\n\n<li>Security: foundations, policies, protocols, access control, intrusion detection, intrusion tolerance;<\/li>\n\n\n\n<li>Safety: incidents &amp; accidents, risk perception and analysis, safety-critical applications and systems;<\/li>\n\n\n\n<li>Critical infrastructure protection;<\/li>\n\n\n\n<li>Algorithms and methods for dependable and secure computing;<\/li>\n\n\n\n<li>Dependability and security modeling, measurement and benchmarking.<\/li>\n<\/ul>\n\n\n\n<h2 class=\"wp-block-heading\"><strong>Important Dates<\/strong><\/h2>\n\n\n\n<ul class=\"wp-block-list\">\n<li><strong>Paper submission:<\/strong> <s>July 17th, 2023<\/s>, Aug 7, 2023<\/li>\n\n\n\n<li>Author notification: <del>August 7th, 2023<\/del> <strong>August 25, 2023<\/strong><\/li>\n\n\n\n<li>Camera Ready: <strong>August 31, 2023<\/strong><\/li>\n<\/ul>\n\n\n\n<h2 class=\"wp-block-heading\">Program Commitee<\/h2>\n\n\n\n<ul class=\"wp-block-list\">\n<li>Ant\u00f4nio Augusto Fr\u00f6hlich (Federal University of Santa Catarina, Brazil)<\/li>\n\n\n\n<li>Ib\u00e9ria Medeiros (University of Lisboa, Portugal)<\/li>\n\n\n\n<li>Juan Carlos Ruiz (Universitat Polit\u00e8cnica de Val\u00e8ncia, Spain)<\/li>\n\n\n\n<li>Leonardo Montecchi (Norwegian University of Science and Technology, Norway)<\/li>\n\n\n\n<li>Lishan Yang (George Mason University, USA)<\/li>\n\n\n\n<li>Luiz Rodrigues (Western Parana State University, Brazil)<\/li>\n\n\n\n<li>Marcello Cinque (Federico II University of Naples, Italy)<\/li>\n\n\n\n<li>Regina Moraes (State University of Campinas, Brazil)<\/li>\n\n\n\n<li>Vin\u00edcius F\u00fclber Garcia (Federal University of Paran\u00e1, Brazil)<\/li>\n<\/ul>\n","protected":false},"excerpt":{"rendered":"<p>*** UPDATED WITH EXTENDED NOTIFICATION &#8211; August 25 ****** UPDATED WITH CAMERA-READY &#8211; August 31 ****** UPDATED WITH PROCEEDINGS PUBLICATION IN THE ACM DL &#8211; August 31 *** The Student Forum at LADC 2023 welcomes fresh and exciting ideas from students working in the field of dependable and secure computing. The forum is a great [&hellip;]<\/p>\n","protected":false},"author":1,"featured_media":0,"parent":0,"menu_order":0,"comment_status":"closed","ping_status":"closed","template":"","meta":{"footnotes":""},"class_list":["post-2071","page","type-page","status-publish","hentry"],"_links":{"self":[{"href":"https:\/\/ladc.sbc.org.br\/2023\/wp-json\/wp\/v2\/pages\/2071","targetHints":{"allow":["GET"]}}],"collection":[{"href":"https:\/\/ladc.sbc.org.br\/2023\/wp-json\/wp\/v2\/pages"}],"about":[{"href":"https:\/\/ladc.sbc.org.br\/2023\/wp-json\/wp\/v2\/types\/page"}],"author":[{"embeddable":true,"href":"https:\/\/ladc.sbc.org.br\/2023\/wp-json\/wp\/v2\/users\/1"}],"replies":[{"embeddable":true,"href":"https:\/\/ladc.sbc.org.br\/2023\/wp-json\/wp\/v2\/comments?post=2071"}],"version-history":[{"count":75,"href":"https:\/\/ladc.sbc.org.br\/2023\/wp-json\/wp\/v2\/pages\/2071\/revisions"}],"predecessor-version":[{"id":3588,"href":"https:\/\/ladc.sbc.org.br\/2023\/wp-json\/wp\/v2\/pages\/2071\/revisions\/3588"}],"wp:attachment":[{"href":"https:\/\/ladc.sbc.org.br\/2023\/wp-json\/wp\/v2\/media?parent=2071"}],"curies":[{"name":"wp","href":"https:\/\/api.w.org\/{rel}","templated":true}]}}