{"id":2095,"date":"2022-03-30T21:53:24","date_gmt":"2022-03-31T00:53:24","guid":{"rendered":"https:\/\/ladc.sbc.org.br\/?page_id=2095"},"modified":"2023-10-31T16:29:34","modified_gmt":"2023-10-31T19:29:34","slug":"program","status":"publish","type":"page","link":"https:\/\/ladc.sbc.org.br\/2023\/program\/","title":{"rendered":"Program"},"content":{"rendered":"\n<p>-2hrs.06:00 AM &#8211; Costa Rica + Centroam\u00e9rica<br>-1hrs.07:00 AM &#8211; Per\u00fa + Ecuador + M\u00e9xico + Colombia + Panam\u00e1 + USA.Houston<br><strong>+0hrs.08:00 AM &#8211; Bolivia<\/strong> + Cuba + Venezuela<br>+1hrs.09:00 AM &#8211; Chile + Paraguay + Brasil + Uruguay + Argentina<br>+6hrs.02:00 PM &#8211; Espa\u00f1a<\/p>\n\n\n\n<p>LADC activities will be concentrated from Monday (16) to Wednesday (18), but participantes are invited to enjoy in all activities of colocated events from October 16-20.<\/p>\n\n\n\n<p><mark style=\"background-color:#00d084\" class=\"has-inline-color has-black-color\"><a href=\"https:\/\/dl.acm.org\/doi\/proceedings\/10.1145\/3615366\" data-type=\"link\" data-id=\"https:\/\/dl.acm.org\/doi\/proceedings\/10.1145\/3615366\" target=\"_blank\" rel=\"noreferrer noopener\">You can access the proceedings here!<\/a><\/mark><\/p>\n\n\n\n<h2 class=\"wp-block-heading\"><strong>Monday (16th)<\/strong><\/h2>\n\n\n\n<figure class=\"wp-block-table\"><table><tbody><tr><td class=\"has-text-align-left\" data-align=\"left\">08:00 &#8211; 09:30<\/td><td colspan=\"2\"><strong>Check-in<\/strong> (The shuttle buses to the Illimani Auditorium will leave from the UMSA Central Monoblock at 7:30 a.m. to Seguencoma (Illimani Auditorium) and will return at 12:30 p.m.)<\/td><\/tr><tr><td class=\"has-text-align-left\" data-align=\"left\">09:30 \u2013 11:00<\/td><td colspan=\"2\"><strong>Opening Session<\/strong> (Room: ILLIMANI AUDITORIUM)<\/td><\/tr><tr><td class=\"has-text-align-left\" data-align=\"left\">11:00 &#8211; 11:30<\/td><td colspan=\"2\">Coffee-break<\/td><\/tr><tr><td class=\"has-text-align-left\" data-align=\"left\">11:30 &#8211; 12:30<\/td><td><strong>Keynote 1<\/strong> (Room: ILLIMANI AUDITORIUM)<\/td><td><strong>Roberto As\u00edn<\/strong>, from Bolivia-Chile<\/td><\/tr><tr><td class=\"has-text-align-left\" data-align=\"left\">12:30 &#8211; 14:00<\/td><td colspan=\"2\">Return to UMSA and Interval<\/td><\/tr><tr><td class=\"has-text-align-left\" data-align=\"left\" rowspan=\"4\">14:00 &#8211; 16:00<\/td><td rowspan=\"4\"><strong>TS1 \u2013 Cloud and networking<\/strong><br>(Room: AUDIVISUAL)<br><strong>Chair: <\/strong>Elias P. Duarte Jr. (UFPR, Brazil)<\/td><td><strong>Attesting AMD SEV-SNP Virtual Machines with SPIRE<br><\/strong>Davi Pontes (UFCG &#8211; Brazil), Fernando Silva (UFCG &#8211; Brazil), Eduardo Falc\u00e3o (UFRN &#8211; Brazil) and Andrey Brito (UFCG \u2013 Brazil)<\/td><\/tr><tr><td class=\"has-text-align-left\" data-align=\"left\"><strong>ALR-LoRaWAN: An Application-Level Retransmission Management Algorithm for LoRaWAN Networks<\/strong><br>Jo\u00e3o Past\u00f3rio, \u00c1lvaro Ricieri Castro e Souza, Fabio Spanhol, Alexandre Huff and Edson Tavares de Camargo (UTFPR \u2013 Brazil)<\/td><\/tr><tr><td class=\"has-text-align-left\" data-align=\"left\"><strong>Using Formal Methods for On-The-Fly Time Series Verification<br><\/strong>Jos\u00e9 Luis Hoffmann, Leonardo Horstmann and Antonio Augusto Frohlich (UFSC \u2013 Brazil)<\/td><\/tr><tr><td class=\"has-text-align-left\" data-align=\"left\"><strong>Context-aware monitoring for IoT: an approach based on Agents, and Federated Learning<\/strong><br>Herminio Paucar Curasma and J\u00falio Estrella (USP \u2013 Brazil)<\/td><\/tr><tr><td class=\"has-text-align-left\" data-align=\"left\">16:00 &#8211; 16:30<\/td><td colspan=\"2\">Coffee-break<\/td><\/tr><tr><td class=\"has-text-align-left\" data-align=\"left\" rowspan=\"4\">16:30 &#8211; 18:30<\/td><td rowspan=\"4\"><strong>TS2 \u2013 Fault-tolerant algorithms <\/strong>(Room: AUDIVISUAL)<br>Chair: Edson Camargo (UTFPR, Brazil)<\/td><td><strong>Loom: A Closed-Box Disaggregated Database System<br><\/strong>F\u00e1bio Coelho, Ana Alonso, Luis Ferreira, Jose Pereira and Rui Oliveira (INESCTEC &amp; U. Minho \u2013 Portugal)<\/td><\/tr><tr><td class=\"has-text-align-left\" data-align=\"left\"><strong>Diamond-P-vCube: An Eventually Perfect Hierarchical Failure Detector for Asynchronous Distributed Systems<\/strong><br>Gabriela Stein (Unioeste \u2013 Brazil), Luiz A. Rodrigues (Unioeste \u2013 Brazil), Elias Duarte Jr. (UFPR \u2013 Brazil) and Luciana Arantes (Sorbonne Universit\u00e9 \u2013 France)<\/td><\/tr><tr><td class=\"has-text-align-left\" data-align=\"left\"><strong>Efficient Synchronization of CRDTs using Vcube-PS<\/strong><br>Leonardo Galesky (Unioeste \u2013 Brazil), Luiz A. Rodrigues (Unioeste \u2013 Brazil), Elias Duarte Jr. (UFPR \u2013 Brazil) and Luciana Arantes (Sorbonne Universit\u00e9 \u2013 France)<\/td><\/tr><tr><td class=\"has-text-align-left\" data-align=\"left\"><strong>On Design Autonomic Behavior for Blockchain platforms<br><\/strong>Allan Freitas (IFBA \u2013 Brazil)<\/td><\/tr><\/tbody><\/table><\/figure>\n\n\n\n<h2 class=\"wp-block-heading\">Tuesday (17th)<\/h2>\n\n\n\n<figure class=\"wp-block-table\"><table><tbody><tr><td rowspan=\"4\">08:30 &#8211; 10:30<\/td><td rowspan=\"4\"><strong>TS3 &#8211; Software security and privacy<\/strong> (Room: AUDIVISUAL)<br>Chair: Rodrigo Santos (Universidad Nacional del Sur, Argentina)<\/td><td><strong>Generating Realistic Attack Data for Microservices: Framework and Case Study<\/strong><br>Jessica Castro, Nuno Laranjeiro and Marco Vieira (University of Coimbra &#8211; Portugal)<\/td><\/tr><tr><td><strong>Leveraging Time Series Autocorrelation Through Numerical Differentiation for Improving Failure Prediction<\/strong><br>Jo\u00e3o R. Campos, Rodrigo Machado, and Marco Vieira (University of Coimbra \u2013 Portugal)<\/td><\/tr><tr><td><strong>Third-Party Trackers in COVID-19 Mobile Applications Can Enable Privacy Leaks<\/strong><br>Nicolas Serrano (Pedeciba Inform\u00e1tica \u2013 Uruguay), Gustavo Betarte and  Juan Diego Campo (Universidad de la Republica \u2013 Uruguay)<\/td><\/tr><tr><td><strong>A distributed software architecture based on reactive microservices for the Smart Building context<\/strong><br>Gustavo Mota Freire, Herminio Paucar Curasma and J\u00falio Estrella (USP \u2013 Brazil)<\/td><\/tr><tr><td>10:30 &#8211; 11:00<\/td><td colspan=\"2\">Coffee-break<\/td><\/tr><tr><td>11:00 &#8211; 12:00<\/td><td><strong>Keynote 2<\/strong> &#8211; TBA (Room: PARANINFO UNIVERSITARIO)<\/td><td><strong>Rodrigo Santos<\/strong>, from Argentina<\/td><\/tr><tr><td>12:00 &#8211; 14:00<\/td><td colspan=\"2\">Interval<\/td><\/tr><tr><td rowspan=\"4\">14:00 &#8211; 16:00<\/td><td rowspan=\"4\"><strong>TS4 &#8211; Fault-tolerant algorithms and Security<\/strong> (Room: AUDIVISUAL)<br>Chair: Diego Pinto (Universidad Nacional de Asunci\u00f3n, Paraguay)<\/td><td><strong>Joining Parallel and Partitioned State Machine Replication Models for Enhanced Shared Logging Performance<\/strong><br>Jo\u00e3o Scharf, Luiz Gustavo Xavier, and Odorico Mendizabal (UFSC &#8211; Brazil)<\/td><\/tr><tr><td><strong>A Time-Phased Partitioned Checkpoint Approach to Reduce State Snapshot Overhead<\/strong><br>Everaldo Gomes Junior (Universidade Federal do Rio Grande &#8211; Brazil), Eduardo Alchieri (UnB &#8211; Brazil), Fernando Dotti (PUCRS &#8211; Brazil) and Odorico Mendizabal (UFSC \u2013 Brazil)<\/td><\/tr><tr><td><strong>Parallel Execution of Transactions Based on Dynamic and Self-Verifiable Conflict Analysis<\/strong><br>Jefferson Silva (UnB &#8211; Algeria), Eduardo Alchieri (UnB &#8211; Brazil), Fernando Dotti (PUCRS &#8211; Brazil), Fernando Pedone (University of Lugano \u2013 Switzerland)<\/td><\/tr><tr><td><strong>Exploring the Impact of Homomorphic Encryption on the Performance of Machine Learning Algorithms<\/strong><br>Clayton Matias (Unicamp &#8211; Brazil), Naghmeh Ivaki (University of Coimbra &#8211; Portugal), Regina Moraes (Unicamp \u2013 Brazil)<\/td><\/tr><tr><td>16:00 &#8211; 16:30<\/td><td colspan=\"2\">Coffee-break<\/td><\/tr><tr><td>16:30 &#8211; 18:30<\/td><td><strong>Industrial Track<\/strong> (Room: AUDIVISUAL and <a rel=\"noreferrer noopener\" href=\"https:\/\/conferenciaweb.rnp.br\/unioeste\/ladc-2023-workshops\" target=\"_blank\">online<\/a>)<br>Chair: TBA<\/td><td><strong>+ A case study on the development of an ontology for maintenance services of heavy machinery electronic components<\/strong> (Luiza Oliveira, Marco Ara\u00fajo and M\u00e1rio Dantas &#8211; Federal University of Juiz de Fora, Brazil)<br><br><strong>+ Identification of High Delay Links in Internet Service Providers<\/strong> (Francisco Nobre, Danielle Silva, Silvio Ribeiro, Maria Mesquisa, Thelmo Ara\u00fajo and Rafael Gomes &#8211; State University of Ceara, Brazil)<br><br><strong>+ MonTh: A Tool for Automated Monitoring of Threats<\/strong> (Arthus Urbano, Douglas Silva, Maria Mesquita, Yago Costa, Mariana Cirino and Rafael Lopes &#8211;  State University of Ceara, Brazil)<br><br><strong>+ Optimization of Heterogeneous Data in Sensor Networks to Industrial Internet <\/strong>(Janine Kniess and Carlos H. Mecking &#8211; State University of Santa Catarina, Brazil)<br><br><strong>+ Using IoT Mesh Networks to Extend Wireless Coverage in Industrial Environments <\/strong>(Carlos Aquino, Antonio Neto, Vanessa Lima, Evellin Moura, Yanne Oliveira and Rafal Gomes &#8211; State University of Ceara, Brazil)<\/td><\/tr><tr><td>18:30 &#8211; 19:00<\/td><td><strong>Meeting CE-TF<\/strong><br>(Room: AUDIVISUAL and <a rel=\"noreferrer noopener\" href=\"https:\/\/conferenciaweb.rnp.br\/unioeste\/ladc-2023-workshops\" target=\"_blank\">online<\/a>)<\/td><td><\/td><\/tr><\/tbody><\/table><\/figure>\n\n\n\n<h2 class=\"wp-block-heading\">Wednesday (18th)<\/h2>\n\n\n\n<figure class=\"wp-block-table\"><table><tbody><tr><td rowspan=\"4\">08:30 &#8211; 10:30<\/td><td rowspan=\"4\"><strong>TS5 \u2013 Intrusion detection and incident handling<\/strong> (Room: AUDIVISUAL)<br>Chair: Jo\u00e3o Campos (UC, Portugal)<\/td><td><strong>Evaluation of Machine Learning for Intrusion Detection in Microservice Applications<\/strong><br>Iury Araujo, Nuno Antunes and Marco Vieira (University of Coimbra \u2013 Portugal)<\/td><\/tr><tr><td><strong>An Artificial Intelligence Framework for the Representation and Reuse of Cybersecurity Incident Resolution Knowledge<\/strong><br>Patrick A. C. Guerra, Fabio Barcelos, Raul Ceretta Nunes, Edison Pignaton de Freitas, Luis Alvaro de Lima Silva (UFSM \u2013 Brazil)<\/td><\/tr><tr><td><strong>Discovering attacker profiles using process mining and the MITRE ATT&amp;CK taxonomy<\/strong><br>Marcelo Rodr\u00edguez, Gustavo Betarte, Daniel Calegari (Universidad de La Republica \u2013 Uruguay)<\/td><\/tr><tr><td><strong>Enhancing Malware Family Classification in the Microsoft Challenge Dataset via Transfer Learning<\/strong><br>Marcelo Palma Salas (Unicamp &#8211; Brazil), Paulo de Geus (Unicamp &#8211; Brazil), Marcus Botacin (Texas A&amp;M University \u2013 USA)<\/td><\/tr><tr><td>10:30 &#8211; 11:00<\/td><td colspan=\"2\">Coffee-break<\/td><\/tr><tr><td>11:00 &#8211; 12:00<\/td><td><strong>Keynote 3 \u2013 Gustavo Betarte <\/strong>(FING-Udelar, Uruguay) (Room: PARANINFO UNIVERSITARIO)<\/td><td><strong>Enhancing cyber-threat intelligence with the support of  automated learning and process mining techniques<\/strong><br><br>In this talk, we will present the main results of the <a rel=\"noreferrer noopener\" href=\"https:\/\/www.fing.edu.uy\/inco\/proyectos\/wafmind\/\" data-type=\"link\" data-id=\"https:\/\/www.fing.edu.uy\/inco\/proyectos\/wafmind\/\" target=\"_blank\">WAFMind<\/a> research project. The project aims to increase web application security by adapting machine learning and deep learning techniques and modeling the behavior of automated and human attackers using process mining techniques. We will describe an approach that combines machine learning classification with codified knowledge in a widely deployed WAF (Web Application Firewall) to prevent web application attacks. We are going to present the progress and results obtained during the development of the project.<\/td><\/tr><tr><td>12:00 &#8211; 14:00<\/td><td colspan=\"2\">Interval<\/td><\/tr><tr><td>14:00 &#8211; 16:00<\/td><td><strong>Workshops<\/strong> (Room: AUDIVISUAL and <a href=\"https:\/\/conferenciaweb.rnp.br\/unioeste\/ladc-2023-workshops\" data-type=\"link\" data-id=\"https:\/\/conferenciaweb.rnp.br\/unioeste\/ladc-2023-workshops\">onli<\/a><a href=\"https:\/\/conferenciaweb.rnp.br\/unioeste\/ladc-2023-workshops\" data-type=\"link\" data-id=\"https:\/\/conferenciaweb.rnp.br\/unioeste\/ladc-2023-workshops\" target=\"_blank\" rel=\"noreferrer noopener\">n<\/a><a href=\"https:\/\/conferenciaweb.rnp.br\/unioeste\/ladc-2023-workshops\" data-type=\"link\" data-id=\"https:\/\/conferenciaweb.rnp.br\/unioeste\/ladc-2023-workshops\">e<\/a>)<\/td><td><strong><a rel=\"noreferrer noopener\" href=\"https:\/\/sites.google.com\/uel.br\/wsensing-2023\" data-type=\"link\" data-id=\"https:\/\/sites.google.com\/uel.br\/wsensing-2023\" target=\"_blank\">WSensing<\/a> &#8211; 3rd Workshop on Security, Privacy and Reliability on Wireless Sensing Networks<\/strong> (Chair: Bruno Bogaz Zarpel\u00e3o, UEL &#8211; Brazil and Rodrigo Sanches Miani, UFU &#8211; Brazil)<br><br><strong>+ An Anonymization Service for Privacy in Data Mining<\/strong><br>Matheus <em>Silveira, Danielle Santos, Michael Souza, Douglas Silva, Maria Mesquita, Jonas Neto and Rafael Lopes Gome<\/em>s <em>&#8211; UECE , Brazil<\/em><br><br><strong>+ Scalable Detection of SQL Injection in Cyber Physical Systems<\/strong><br><em>Michael Silva, Silvio Ribeiro, Vanessa Carvalho, Francisco Cardoso and Rafael Lopes Gomes &#8211; UECE, Brazil<\/em><br><br><strong>+ Software defined wireless networks with real-time constraints<\/strong><br><em>Andr\u00e9s Llin\u00e1s &#8211; Universidad Nacional del Sur, Argentina, Matias Micheletto &#8211; CIT San Jorge CONICET, Argentina, Rodrigo Santos &#8211; Universidad Nacional del Sur, Argentina and Sergio Ochoa &#8211; Universidad de Chile, Chile<\/em><br><br><strong><a rel=\"noreferrer noopener\" href=\"https:\/\/safelife.dei.uc.pt\/\" data-type=\"link\" data-id=\"https:\/\/safelife.dei.uc.pt\/\" target=\"_blank\">SAFELIFE<\/a> &#8211; Safety, Security, and Privacy in Complex Artificial Intelligence based Systems <\/strong>(Chairs : Naghmeh Ivaki and Tiago Cruz, University of Coimbra, Portugal)<br><br><strong>+ Systematic Situation Coverage versus Random Situation Coverage for Safety Testing in an Autonomous Car Simulation<\/strong><br>Nawshin Mannan Proma and Rob Alexander (University of York, UK)<\/td><\/tr><tr><td>16:00 &#8211; 16:30<\/td><td colspan=\"2\">Coffee-break<\/td><\/tr><tr><td>16:30 &#8211; 17:30<\/td><td><strong>Keynote <\/strong>4 &#8211; Eliane Martins (Unicamp) (Room: PARANINFO UNIVERSITARIO)<\/td><td><strong>Evolution and Expansion: A Journey Through Model-Based Testing (MBT) and Its Promising Horizons<\/strong><br><br>Model-Based Testing (MBT) consists in using models for test purposes. MBT has been around for more than three decades and was mainly applied in testing embedded systems and communication protocols. With the maturity of methods and techniques, as well as the growth of tool support (in special, open source tools), the use of MBT has been extending to other areas in which test automation is necessary. This talk starts with an overview of MBT. Afterwards, some of our contributions in this area are presented. At the end, a discussion on some advances and perspectives in this area is given.<\/td><\/tr><tr><td rowspan=\"4\">17:30 \u2013 19:00<\/td><td rowspan=\"4\"><strong>Student Forum<\/strong> (Room: AUDIVISUAL and <a rel=\"noreferrer noopener\" href=\"https:\/\/conferenciaweb.rnp.br\/unioeste\/ladc-2023-workshops\" data-type=\"link\" data-id=\"https:\/\/conferenciaweb.rnp.br\/unioeste\/ladc-2023-workshops\" target=\"_blank\">online<\/a>)<br><strong>Chair:<\/strong> Jo\u00e3o Campos (U. Coimbra)<\/td><td><strong>Invited talk: From Student to PI: Becoming an Independent Researcher<\/strong><br>By: Cristina Nita-Rotaru, Professor of Computer Science, Khoury College of Computer Sciences, Northeastern University (<a rel=\"noreferrer noopener\" href=\"http:\/\/cnitarot.github.io\/\" target=\"_blank\">http:\/\/cnitarot.github.io\/<\/a>)<br><br>Abstract: Cristina Nita-Rotaru is a recipient of the NSF Career Award in 2006. She is also a recipient of Purdue College of Science Research Award in 2013, Purdue Excellence in Research Award, Seeds for Success in 2012, Purdue College of Science Leadership Award, 2012, Purdue College of Science Undergraduate Advising Award in 2008, and Purdue Teaching for Tomorrow Award in 2007. She has served on the Technical Program Committee of numerous conferences in security, networking and distributed systems (IEEE S&amp;P, USENIX Security, ACM CCS, NDSS, ACM Wisec, IEEE ICDCS, IEEE\/IFIP DSN, ACM SIGCOMM, ACM CoNEXT, IEEE INFOCOM, IEEE ICNP, WWW, Eurosys). She was an Associate Editor for Elsevier Computer Communications (2008 &#8211; 2011), IEEE Transactions on Computers (2011 &#8211; 2014), ACM Transactions on Information Systems Security (2009 &#8211; 2013), Computer Networks (2012 &#8211; 2014), and IEEE Transactions on Mobile Computing (2011 &#8211; 2016), and IEEE Transactions on Dependable and Secure Systems (2013 &#8211; 2017). She was a member of the steering committee of ACM Wisec and IEEE\/IFIP DSN. She is a member of the IFIP Working Group on Dependable Computing and Fault-tolerance and the Steering Committee of ACM SACMAT. She is the Chair of the Steering Committee of ISOC NDSS and the Vice-Chair of the IEEE Technical Community on Dependable Computing and Fault Tolerance (TCFT).<\/td><\/tr><tr><td><strong>Towards a Novel Model for Availability as a Service<\/strong><br>Jos\u00e9 Flauzino and Elias Duarte Jr. (UFPR &#8211; Brazil)<\/td><\/tr><tr><td><strong>Intrusion Detection and Tolerance for Microservice Applications<\/strong><br>Iury Araujo, Nuno Antunes and Marco Vieira (University of Coimbra &#8211; Portugal)<\/td><\/tr><tr><td><strong>Advanced Machine Learning for Runtime Data Generation<\/strong><br>Bukhtawar Zamir, Joao&nbsp;R. Campos and Marco Vieira (University of Coimbra &#8211; Portugal)<\/td><\/tr><tr><td>19:00 &#8211; 19:30<\/td><td>Interval<\/td><td><\/td><\/tr><tr><td>19:30 &#8211; 22:00<\/td><td><strong>Conference Dinner<\/strong> (CLEI + LADC)<\/td><td>Tickets must be acquired during the Conference.<\/td><\/tr><\/tbody><\/table><\/figure>\n\n\n\n<p><strong>From Thursday to Saturday<\/strong>, check the CLEI schedule. <a href=\"https:\/\/clei.umsa.bo\/cronograma_gral\" target=\"_blank\" rel=\"noreferrer noopener\">https:\/\/clei.umsa.bo\/cronograma_gral<\/a><\/p>\n\n\n\n<h2 class=\"wp-block-heading\">Keynote Speaker 1 &#8211; Roberto As\u00edn (Bolivia-Chile) &#8211; CLEI<\/h2>\n\n\n\n<p><\/p>\n\n\n\n<h2 class=\"wp-block-heading\">Keynote Speaker 2 &#8211; Rodrigo Santos (Argentina) &#8211; CLEI<\/h2>\n\n\n\n<h2 class=\"wp-block-heading\">Keynote Speaker 3 &#8211; Gustavo Betarte (Fing-Udelar, Uruguay)<\/h2>\n\n\n\n<h4 class=\"wp-block-heading\"><strong>Enhancing cyber-threat intelligence with the support of automated learning and process mining techniques.<\/strong><\/h4>\n\n\n\n<p>In this talk, we will present the main results of the <a rel=\"noreferrer noopener\" href=\"https:\/\/www.fing.edu.uy\/inco\/proyectos\/wafmind\/\" data-type=\"link\" data-id=\"https:\/\/www.fing.edu.uy\/inco\/proyectos\/wafmind\/\" target=\"_blank\">WAFMind<\/a> research project. The project aims to increase web application security by adapting machine learning and deep learning techniques and modeling the behavior of automated and human attackers using process mining techniques. We will describe an approach that combines machine learning classification with codified knowledge in a widely deployed WAF (Web Application Firewall) to prevent web application attacks. We are going to present the progress and results obtained during the development of the project.<\/p>\n\n\n\n<div class=\"wp-block-columns is-layout-flex wp-container-core-columns-is-layout-9d6595d7 wp-block-columns-is-layout-flex\">\n<div class=\"wp-block-column is-layout-flow wp-block-column-is-layout-flow\" style=\"flex-basis:33.33%\">\n<figure class=\"wp-block-image size-full is-resized is-style-rounded\"><img loading=\"lazy\" decoding=\"async\" width=\"500\" height=\"500\" src=\"https:\/\/ladc.sbc.org.br\/2023\/wp-content\/uploads\/2023\/09\/Gustavo-Betarte-edited.png\" alt=\"\" class=\"wp-image-3540\" style=\"width:231px;height:231px\" srcset=\"https:\/\/ladc.sbc.org.br\/2023\/wp-content\/uploads\/2023\/09\/Gustavo-Betarte-edited.png 500w, https:\/\/ladc.sbc.org.br\/2023\/wp-content\/uploads\/2023\/09\/Gustavo-Betarte-edited-300x300.png 300w, https:\/\/ladc.sbc.org.br\/2023\/wp-content\/uploads\/2023\/09\/Gustavo-Betarte-edited-150x150.png 150w, https:\/\/ladc.sbc.org.br\/2023\/wp-content\/uploads\/2023\/09\/Gustavo-Betarte-edited-100x100.png 100w\" sizes=\"auto, (max-width: 500px) 100vw, 500px\" \/><\/figure>\n<\/div>\n\n\n\n<div class=\"wp-block-column is-layout-flow wp-block-column-is-layout-flow\" style=\"flex-basis:66.66%\">\n<p><strong>Gustavo Betarte<\/strong> earned a BSc in Computer Engineering from Facultad de Ingenier\u00eda de la Universidad de la Rep\u00fablica, Uruguay (FING-Udelar), as well as an MSc and a Ph.D. in Computing Science from the University of Gothenburg, Sweden. He is a Full Professor in the Department of Computer Science (InCo) and is the principal researcher and head of the Computer Security team (GSI) at FING-Udelar. Dr. Betarte is a member of the Uruguayan Researchers National System (SNI, Level II). His research interests include formal methods, program verification, software and system security, and the foundations of computer science. Currently, he is working on applying knowledge discovery techniques for adaptive software security, the formal definition and verification of security properties of cryptocurrency protocols, and the design and implementation of security training platforms (Cyber Ranges). Since 2006, he has been the Technical Director of the Computer Security Consulting Team of Tilsor SA, a Uruguayan IT company.<\/p>\n<\/div>\n<\/div>\n\n\n\n<h2 class=\"wp-block-heading\">Keynote Speaker 4 &#8211; Eliane Martins (Unicamp, Brazil)<\/h2>\n\n\n\n<p><strong>Evolution and Expansion: A Journey Through Model-Based Testing (MBT) and Its Promising Horizons<\/strong><\/p>\n\n\n\n<p>Model-Based Testing (MBT) consists in using models for test purposes. MBT has been around for more than three decades and was mainly applied in testing embedded systems and communication protocols. With the maturity of methods and techniques, as well as the growth of tool support (in special, open source tools), the use of MBT has been extending to other areas in which test automation is necessary. This talk starts with an overview of MBT. Afterwards, some of our contributions in this area are presented. At the end, a discussion on some advances and perspectives in this area is given.<\/p>\n\n\n\n<div class=\"wp-block-columns is-layout-flex wp-container-core-columns-is-layout-9d6595d7 wp-block-columns-is-layout-flex\">\n<div class=\"wp-block-column is-layout-flow wp-block-column-is-layout-flow\" style=\"flex-basis:33.33%\">\n<figure class=\"wp-block-image size-full is-resized is-style-rounded\"><img loading=\"lazy\" decoding=\"async\" width=\"150\" height=\"150\" src=\"https:\/\/ladc.sbc.org.br\/2023\/wp-content\/uploads\/2023\/09\/Eliane-150x150-2.jpg\" alt=\"\" class=\"wp-image-3537\" style=\"width:231px;height:231px\" srcset=\"https:\/\/ladc.sbc.org.br\/2023\/wp-content\/uploads\/2023\/09\/Eliane-150x150-2.jpg 150w, https:\/\/ladc.sbc.org.br\/2023\/wp-content\/uploads\/2023\/09\/Eliane-150x150-2-100x100.jpg 100w\" sizes=\"auto, (max-width: 150px) 100vw, 150px\" \/><\/figure>\n<\/div>\n\n\n\n<div class=\"wp-block-column is-layout-flow wp-block-column-is-layout-flow\" style=\"flex-basis:66.66%\">\n<p><strong>Eliane Martins<\/strong> has a PhD in critical systems validation using fault injection. She was for 25 years a Professor at the Institute of Computing of the State University of Campinas (Unicamp). She is currently retired and works as a Collaborating Researcher at the same University. Her areas of interest include: model-based testing and robustness testing of embedded systems. Recently her interests also include the use of MBT in agile methods.<\/p>\n<\/div>\n<\/div>\n","protected":false},"excerpt":{"rendered":"<p>-2hrs.06:00 AM &#8211; Costa Rica + Centroam\u00e9rica-1hrs.07:00 AM &#8211; Per\u00fa + Ecuador + M\u00e9xico + Colombia + Panam\u00e1 + USA.Houston+0hrs.08:00 AM &#8211; Bolivia + Cuba + Venezuela+1hrs.09:00 AM &#8211; Chile + Paraguay + Brasil + Uruguay + Argentina+6hrs.02:00 PM &#8211; Espa\u00f1a LADC activities will be concentrated from Monday (16) to Wednesday (18), but participantes are [&hellip;]<\/p>\n","protected":false},"author":1,"featured_media":0,"parent":0,"menu_order":0,"comment_status":"closed","ping_status":"closed","template":"","meta":{"footnotes":""},"class_list":["post-2095","page","type-page","status-publish","hentry"],"_links":{"self":[{"href":"https:\/\/ladc.sbc.org.br\/2023\/wp-json\/wp\/v2\/pages\/2095","targetHints":{"allow":["GET"]}}],"collection":[{"href":"https:\/\/ladc.sbc.org.br\/2023\/wp-json\/wp\/v2\/pages"}],"about":[{"href":"https:\/\/ladc.sbc.org.br\/2023\/wp-json\/wp\/v2\/types\/page"}],"author":[{"embeddable":true,"href":"https:\/\/ladc.sbc.org.br\/2023\/wp-json\/wp\/v2\/users\/1"}],"replies":[{"embeddable":true,"href":"https:\/\/ladc.sbc.org.br\/2023\/wp-json\/wp\/v2\/comments?post=2095"}],"version-history":[{"count":204,"href":"https:\/\/ladc.sbc.org.br\/2023\/wp-json\/wp\/v2\/pages\/2095\/revisions"}],"predecessor-version":[{"id":3595,"href":"https:\/\/ladc.sbc.org.br\/2023\/wp-json\/wp\/v2\/pages\/2095\/revisions\/3595"}],"wp:attachment":[{"href":"https:\/\/ladc.sbc.org.br\/2023\/wp-json\/wp\/v2\/media?parent=2095"}],"curies":[{"name":"wp","href":"https:\/\/api.w.org\/{rel}","templated":true}]}}