{"id":2283,"date":"2022-10-26T16:50:12","date_gmt":"2022-10-26T19:50:12","guid":{"rendered":"https:\/\/ladc.sbc.org.br\/?page_id=2283"},"modified":"2023-10-24T10:50:39","modified_gmt":"2023-10-24T13:50:39","slug":"ladc-papers","status":"publish","type":"page","link":"https:\/\/ladc.sbc.org.br\/2023\/ladc-papers\/","title":{"rendered":"Accepted Papers"},"content":{"rendered":"\n<h2 class=\"wp-block-heading\"> LADC 2023 &#8211; Main Track (Full papers)<\/h2>\n\n\n\n<p><mark style=\"background-color:#00d084\" class=\"has-inline-color has-black-color\"><mark style=\"background-color:#00d084\" class=\"has-inline-color has-black-color\">You can access the proceedings <a rel=\"noreferrer noopener\" href=\"https:\/\/dl.acm.org\/doi\/proceedings\/10.1145\/3615366\" data-type=\"page\" data-id=\"3559\" target=\"_blank\">here!<\/a><\/mark><\/mark><\/p>\n\n\n\n<figure class=\"wp-block-table\"><table><tbody><tr><td>Title<\/td><td><strong>Authors (Affiliation)<\/strong><\/td><\/tr><tr><td><em>Third-Party Trackers in COVID-19 Mobile Applications Can Enable Privacy Leaks<\/em><\/td><td>Nicolas Serrano&nbsp;(Pedeciba Inform\u00e1tica &#8211; Uruguay),<br>Gustavo Betarte&nbsp;(Facultad de Ingenier\u00eda, Universidad de la Rep\u00fablica &#8211; Uruguay),<br>Juan Diego Campo&nbsp;(Universidad de la Republica &#8211; Uruguay)<\/td><\/tr><tr><td><em>Attesting AMD SEV-SNP Virtual Machines with SPIRE<\/em><\/td><td>Davi Pontes&nbsp;(UFCG &#8211; Brazil),<br>Fernando Silva&nbsp;(UFCG &#8211; Brazil),<br>Eduardo Falc\u00e3o&nbsp;(Universidade Federal do Rio Grande do Norte &#8211; Brazil),<br>Andrey Brito&nbsp;(UFCG &#8211; Brazil)<\/td><\/tr><tr><td><em>Discovering attacker profiles using process mining and the MITRE ATT&amp;CK taxonomy<\/em><\/td><td>Marcelo Rodr\u00edguez&nbsp;(Universidad de La Rep\u00fablica &#8211; Uruguay),<br>Gustavo Betarte&nbsp;(Facultad de Ingenier\u00eda, Universidad de la Rep\u00fablica &#8211; Uruguay),<br>Daniel Calegari&nbsp;(Universidad de La Republica &#8211; Uruguay)<\/td><\/tr><tr><td><em>Using Formal Methods for On-The-Fly Time Series Verification<\/em><\/td><td>Jos\u00e9 Luis Hoffmann&nbsp;(Federal University of Santa Catarina &#8211; Brazil),<br>Leonardo Horstmann&nbsp;(Federal University of Santa Catarina &#8211; Brazil),<br>Antonio Augusto Frohlich&nbsp;(Universidade Federal de Santa Catarina &#8211; Brazil)<\/td><\/tr><tr><td><em>Diamond-P-vCube: An Eventually Perfect Hierarchical Failure Detector for Asynchronous Distributed Systems<\/em><\/td><td>Gabriela Stein&nbsp;(Universidade Estadual do Oeste do Paran\u00e1 &#8211; Brazil),<br>Luiz Rodrigues&nbsp;(Universidade Estadual do Oeste do Paran\u00e1 (Unioeste) &#8211; Brazil),<br>Elias Duarte Jr.&nbsp;(UFPR &#8211; Brazil),<br>Luciana Arantes&nbsp;(Sorbonne Universit\u00e9 &#8211; France)<\/td><\/tr><tr><td><em>Joining Parallel and Partitioned State Machine Replication Models for Enhanced Shared Logging Performance<\/em><\/td><td>Jo\u00e3o Scharf&nbsp;(Universidade Federal de Santa Catarina &#8211; Brazil),<br>Luiz Gustavo Xavier&nbsp;(Universidade Federal de Santa Catarina &#8211; Brazil),<br>Odorico Mendizabal&nbsp;(Universidade Federal de Santa Catarina &#8211; Brazil)<\/td><\/tr><tr><td><em>Efficient Synchronization of CRDTs using VCube-PS<\/em><\/td><td>Leonardo Galesky&nbsp;(Universidade Estadual do Oeste do Paran\u00e1 &#8211; Brazil),<br>Luiz Rodrigues&nbsp;(Universidade Estadual do Oeste do Paran\u00e1 (Unioeste) &#8211; Brazil),<br>Luciana Arantes&nbsp;(Sorbonne Universit\u00e9 &#8211; France),<br>Elias Duarte Jr.&nbsp;(UFPR &#8211; Brazil)<\/td><\/tr><tr><td><em>Exploring the Impact of Homomorphic Encryption on the Performance of Machine Learning Algorithms<\/em><\/td><td>Clayton Matias&nbsp;(State University of Campinas &#8211; Brazil),<br>Naghmeh Ivaki&nbsp;(University of Coimbra &#8211; Portugal),<br>Regina Moraes&nbsp;(Universidade Estadual de Campinas &#8211; Brazil)<\/td><\/tr><tr><td><em>Evaluation of Machine Learning for Intrusion Detection in Microservice Applications<\/em><\/td><td>Iury Araujo&nbsp;(University of Coimbra &#8211; Portugal),<br>Nuno Antunes&nbsp;(University of Coimbra &#8211; Portugal),<br>Marco Vieira&nbsp;(University of Coimbra &#8211; Portugal)<\/td><\/tr><tr><td><em>An Artificial Intelligence Framework for the Representation and Reuse of Cybersecurity Incident Resolution Knowledge<\/em><\/td><td>Patrick A. C. Guerra&nbsp;(Federal University of Santa Maria &#8211; Brazil),<br>Fabio Barcelos&nbsp;(Universidade Federal de Santa Maria &#8211; Brazil),<br>Raul Ceretta Nunes&nbsp;(Federal University of Santa Maria &#8211; Brazil),<br>Edison Pignaton de Freitas&nbsp;(Universidade Federal do Rio Grande do Sul &#8211; Brazil),<br>Luis Alvaro de Lima Silva&nbsp;(Universidade Federal de Santa Maria &#8211; Brazil)<\/td><\/tr><tr><td><em>Loom: A Closed-Box Disaggregated Database System<\/em><\/td><td>F\u00e1bio Coelho&nbsp;(INESCTEC &amp; U. Minho &#8211; Portugal),<br>Ana Alonso&nbsp;(INESCTEC &amp; U. Minho &#8211; Portugal),<br>Luis Ferreira&nbsp;(INESCTEC &amp; U. Minho &#8211; Portugal),<br>Jose Pereira&nbsp;(INESC TEC &amp; U. Minho &#8211; Portugal),<br>Rui Oliveira&nbsp;(INESCTEC &amp; U. Minho &#8211; Portugal)<\/td><\/tr><tr><td><em>Leveraging Time Series Autocorrelation Through Numerical Differentiation for Improving Failure Prediction<\/em><\/td><td>Jo\u00e3o R. Campos&nbsp;(University of Coimbra &#8211; Portugal),<br>Rodrigo Machado&nbsp;(University of Coimbra &#8211; Portugal),<br>Marco Vieira&nbsp;(University of Coimbra &#8211; Portugal)<\/td><\/tr><tr><td><em>Enhancing Malware Family Classification in the Microsoft Challenge Dataset via Transfer Learning<\/em><\/td><td>Marcelo Palma Salas&nbsp;(Universidade Estadual de Campinas &#8211; Brazil),<br>Paulo de Geus&nbsp;(University of Campinas &#8211; Brazil),<br>Marcus Botacin&nbsp;(Texas A&amp;M University &#8211; USA)<\/td><\/tr><tr><td><em>Parallel Execution of Transactions Based on Dynamic and Self-Verifiable Conflict Analysis<\/em><\/td><td>Jefferson Silva&nbsp;(UnB &#8211; Algeria),<br>Eduardo Alchieri&nbsp;(UnB &#8211; Brazil),<br>Fernando Dotti&nbsp;(PUCRS &#8211; Brazil),<br>Fernando Pedone&nbsp;(University of Lugano &#8211; Switzerland)<\/td><\/tr><tr><td><em>ALR-LoRaWAN: An Application-Level Retransmission Management Algorithm for LoRaWAN Networks<\/em><\/td><td>Jo\u00e3o Past\u00f3rio&nbsp;(Universidade Tecnol\u00f3gica Federal do Paran\u00e1 &#8211; Brazil),<br>\u00c1lvaro Ricieri Castro e Souza&nbsp;(Universidade Tecnol\u00f3gica Federal do Paran\u00e1 &#8211; Brazil),<br>Fabio Spanhol&nbsp;(UTFPR (Federal University of Technology-Parana) &#8211; Brazil),<br>Alexandre Huff&nbsp;(UTFPR &#8211; Universidade Tecnol\u00f3gica Federal do Paran\u00e1 &#8211; Brazil),<br>Edson Tavares de Camargo&nbsp;(Universidade Tecnol\u00f3gica Federal do Paran\u00e1 &#8211; Brazil)<\/td><\/tr><tr><td><em>A Time-Phased Partitioned Checkpoint Approach to Reduce State Snapshot Overhead<\/em><\/td><td>Everaldo Gomes Junior&nbsp;(Universidade Federal do Rio Grande &#8211; Brazil),<br>Eduardo Alchieri&nbsp;(UnB &#8211; Brazil),<br>Fernando Dotti&nbsp;(PUCRS &#8211; Brazil),<br>Odorico Mendizabal&nbsp;(Universidade Federal de Santa Catarina &#8211; Brazil)<\/td><\/tr><tr><td><em>Generating Realistic Attack Data for Microservices: Framework and Case Study<\/em><\/td><td>Jessica Castro&nbsp;(University of Coimbra &#8211; Brazil),<br>Nuno Laranjeiro&nbsp;(University of Coimbra &#8211; Portugal),<br>Marco Vieira&nbsp;(University of Coimbra &#8211; Portugal)<\/td><\/tr><\/tbody><\/table><\/figure>\n","protected":false},"excerpt":{"rendered":"<p>LADC 2023 &#8211; Main Track (Full papers) You can access the proceedings here! Title Authors (Affiliation) Third-Party Trackers in COVID-19 Mobile Applications Can Enable Privacy Leaks Nicolas Serrano&nbsp;(Pedeciba Inform\u00e1tica &#8211; Uruguay),Gustavo Betarte&nbsp;(Facultad de Ingenier\u00eda, Universidad de la Rep\u00fablica &#8211; Uruguay),Juan Diego Campo&nbsp;(Universidad de la Republica &#8211; Uruguay) Attesting AMD SEV-SNP Virtual Machines with SPIRE Davi [&hellip;]<\/p>\n","protected":false},"author":2,"featured_media":0,"parent":0,"menu_order":0,"comment_status":"closed","ping_status":"closed","template":"","meta":{"footnotes":""},"class_list":["post-2283","page","type-page","status-publish","hentry"],"_links":{"self":[{"href":"https:\/\/ladc.sbc.org.br\/2023\/wp-json\/wp\/v2\/pages\/2283","targetHints":{"allow":["GET"]}}],"collection":[{"href":"https:\/\/ladc.sbc.org.br\/2023\/wp-json\/wp\/v2\/pages"}],"about":[{"href":"https:\/\/ladc.sbc.org.br\/2023\/wp-json\/wp\/v2\/types\/page"}],"author":[{"embeddable":true,"href":"https:\/\/ladc.sbc.org.br\/2023\/wp-json\/wp\/v2\/users\/2"}],"replies":[{"embeddable":true,"href":"https:\/\/ladc.sbc.org.br\/2023\/wp-json\/wp\/v2\/comments?post=2283"}],"version-history":[{"count":50,"href":"https:\/\/ladc.sbc.org.br\/2023\/wp-json\/wp\/v2\/pages\/2283\/revisions"}],"predecessor-version":[{"id":3591,"href":"https:\/\/ladc.sbc.org.br\/2023\/wp-json\/wp\/v2\/pages\/2283\/revisions\/3591"}],"wp:attachment":[{"href":"https:\/\/ladc.sbc.org.br\/2023\/wp-json\/wp\/v2\/media?parent=2283"}],"curies":[{"name":"wp","href":"https:\/\/api.w.org\/{rel}","templated":true}]}}