{"id":7,"date":"2018-11-27T09:17:42","date_gmt":"2018-11-27T09:17:42","guid":{"rendered":"https:\/\/ladc.sbc.org.br\/projects\/"},"modified":"2023-08-16T08:59:00","modified_gmt":"2023-08-16T11:59:00","slug":"ladc2022-organizing-committee","status":"publish","type":"page","link":"https:\/\/ladc.sbc.org.br\/2023\/ladc2022-organizing-committee\/","title":{"rendered":"Organizing Committee"},"content":{"rendered":"\n<h2 class=\"wp-block-heading\">General Chairs<\/h2>\n\n\n\n<div class=\"wp-block-columns is-layout-flex wp-container-core-columns-is-layout-9d6595d7 wp-block-columns-is-layout-flex\">\n<div class=\"wp-block-column is-layout-flow wp-block-column-is-layout-flow\"><div class=\"wp-block-image is-style-rounded wp-duotone-unset-1\">\n<figure class=\"aligncenter size-full is-resized\"><img loading=\"lazy\" decoding=\"async\" src=\"https:\/\/ladc.sbc.org.br\/2023\/wp-content\/uploads\/2023\/02\/foto-edited.jpeg\" alt=\"\" class=\"wp-image-3213\" style=\"width:103px;height:103px\" width=\"103\" height=\"103\" srcset=\"https:\/\/ladc.sbc.org.br\/2023\/wp-content\/uploads\/2023\/02\/foto-edited.jpeg 371w, https:\/\/ladc.sbc.org.br\/2023\/wp-content\/uploads\/2023\/02\/foto-edited-300x300.jpeg 300w, https:\/\/ladc.sbc.org.br\/2023\/wp-content\/uploads\/2023\/02\/foto-edited-150x150.jpeg 150w, https:\/\/ladc.sbc.org.br\/2023\/wp-content\/uploads\/2023\/02\/foto-edited-100x100.jpeg 100w\" sizes=\"auto, (max-width: 103px) 100vw, 103px\" \/><\/figure>\n<\/div>\n\n\n<p class=\"has-text-align-center\"><a rel=\"noreferrer noopener\" href=\"https:\/\/www.inf.unioeste.br\/~luiz\" target=\"_blank\">Luiz Antonio Rodrigues<\/a> <br>Western Parana State University, Brazil<br><em>luiz.rodrigues [AT] unioeste.br<\/em><\/p>\n<\/div>\n\n\n\n<div class=\"wp-block-column is-layout-flow wp-block-column-is-layout-flow\"><div class=\"wp-block-image is-style-rounded\">\n<figure class=\"aligncenter size-full is-resized\"><img loading=\"lazy\" decoding=\"async\" src=\"https:\/\/ladc.sbc.org.br\/2023\/wp-content\/uploads\/2023\/02\/hector-edited.jpg\" alt=\"\" class=\"wp-image-3215\" style=\"width:98px;height:98px\" width=\"98\" height=\"98\" srcset=\"https:\/\/ladc.sbc.org.br\/2023\/wp-content\/uploads\/2023\/02\/hector-edited.jpg 120w, https:\/\/ladc.sbc.org.br\/2023\/wp-content\/uploads\/2023\/02\/hector-edited-100x100.jpg 100w\" sizes=\"auto, (max-width: 98px) 100vw, 98px\" \/><\/figure>\n<\/div>\n\n\n<p class=\"has-text-align-center\"><a rel=\"noreferrer noopener\" href=\"https:\/\/www.fing.edu.uy\/~cancela\/\" target=\"_blank\">H\u00e9ctor Cancela <\/a><br>Universidad de la Republica, Uruguay<br><em>cancela [AT] fing.edu.uy<\/em><\/p>\n<\/div>\n<\/div>\n\n\n\n<h2 class=\"wp-block-heading\">Program Chairs<\/h2>\n\n\n\n<div class=\"wp-block-columns is-layout-flex wp-container-core-columns-is-layout-9d6595d7 wp-block-columns-is-layout-flex\">\n<div class=\"wp-block-column is-layout-flow wp-block-column-is-layout-flow\"><div class=\"wp-block-image is-style-rounded wp-duotone-unset-2\">\n<figure class=\"aligncenter size-full is-resized\"><img loading=\"lazy\" decoding=\"async\" src=\"https:\/\/ladc.sbc.org.br\/2023\/wp-content\/uploads\/2023\/02\/fabiola.jpg\" alt=\"\" class=\"wp-image-3220\" style=\"width:120px;height:120px\" width=\"120\" height=\"120\" srcset=\"https:\/\/ladc.sbc.org.br\/2023\/wp-content\/uploads\/2023\/02\/fabiola.jpg 255w, https:\/\/ladc.sbc.org.br\/2023\/wp-content\/uploads\/2023\/02\/fabiola-150x150.jpg 150w, https:\/\/ladc.sbc.org.br\/2023\/wp-content\/uploads\/2023\/02\/fabiola-100x100.jpg 100w\" sizes=\"auto, (max-width: 120px) 100vw, 120px\" \/><\/figure>\n<\/div>\n\n\n<p class=\"has-text-align-center\"><a rel=\"noreferrer noopener\" href=\"https:\/\/computacao.ufba.br\/pt-br\/fabiola-goncalves-pereira-greve\" target=\"_blank\">Fab\u00edola Greve<\/a><br>Federal University of Bahia, Brazil<\/p>\n<\/div>\n\n\n\n<div class=\"wp-block-column is-layout-flow wp-block-column-is-layout-flow\"><div class=\"wp-block-image is-style-rounded\">\n<figure class=\"aligncenter size-full is-resized\"><img loading=\"lazy\" decoding=\"async\" src=\"https:\/\/ladc.sbc.org.br\/2023\/wp-content\/uploads\/2023\/02\/roberto-edited.jpg\" alt=\"\" class=\"wp-image-3223\" style=\"width:115px;height:115px\" width=\"115\" height=\"115\" srcset=\"https:\/\/ladc.sbc.org.br\/2023\/wp-content\/uploads\/2023\/02\/roberto-edited.jpg 240w, https:\/\/ladc.sbc.org.br\/2023\/wp-content\/uploads\/2023\/02\/roberto-edited-150x150.jpg 150w, https:\/\/ladc.sbc.org.br\/2023\/wp-content\/uploads\/2023\/02\/roberto-edited-100x100.jpg 100w\" sizes=\"auto, (max-width: 115px) 100vw, 115px\" \/><\/figure>\n<\/div>\n\n\n<p class=\"has-text-align-center\"><a href=\"http:\/\/wpage.unina.it\/roberto.natella\/\" target=\"_blank\" rel=\"noreferrer noopener\">Roberto Natella<\/a><br>Universit\u00e0 degli Studi di Napoli Federico II, Italy<\/p>\n<\/div>\n<\/div>\n\n\n\n<h3 class=\"wp-block-heading\">Keynotes and Tutorials Chair<\/h3>\n\n\n\n<ul class=\"wp-block-list\">\n<li><a href=\"http:\/\/jbarrera.uai.cl\/\" target=\"_blank\" rel=\"noopener\">Javiera Barrera<\/a> (Universidad Adolfo Iba\u00f1ez, Chile)<\/li>\n<\/ul>\n\n\n\n<h3 class=\"wp-block-heading\">Publicity Chair<\/h3>\n\n\n\n<ul class=\"wp-block-list\">\n<li><a href=\"https:\/\/www.researchgate.net\/profile\/Allan-Freitas-3\" target=\"_blank\" rel=\"noopener\">Allan Freitas<\/a> (IFBA, Brazil)<\/li>\n<\/ul>\n\n\n\n<h3 class=\"wp-block-heading\">Workshop Chair<\/h3>\n\n\n\n<ul class=\"wp-block-list\">\n<li><a href=\"http:\/\/www.ft.unicamp.br\/~regina\" target=\"_blank\" rel=\"noopener\">Regina L\u00facia de Oliveira Moraes<\/a> (Universidade Estadual de Campinas &#8211; Unicamp, Brazil)<\/li>\n<\/ul>\n\n\n\n<h3 class=\"wp-block-heading\">Industry Track Chair<\/h3>\n\n\n\n<ul class=\"wp-block-list\">\n<li><a href=\"http:\/\/www.inf.unioeste.br\/~luiz\" data-type=\"link\" data-id=\"www.inf.unioeste.br\/~luiz\" target=\"_blank\" rel=\"noreferrer noopener\">Luiz A. Rodrigues<\/a> (Western Parana State University, Brazil)<\/li>\n<\/ul>\n\n\n\n<h3 class=\"wp-block-heading\">Fast Abstract Chair<\/h3>\n\n\n\n<ul class=\"wp-block-list\">\n<li><a href=\"https:\/\/www.fing.edu.uy\/inco\/grupos\/gsi\/team\/juan-diego-campo\/\" target=\"_blank\" rel=\"noopener\">Juan Diego Campo<\/a> (Universidad de la Rep\u00fablica, Uruguay)<\/li>\n<\/ul>\n\n\n\n<h3 class=\"wp-block-heading\">Student Forum Chair<\/h3>\n\n\n\n<ul class=\"wp-block-list\">\n<li><a href=\"http:\/\/www.joaorcampos.com\/\" target=\"_blank\" rel=\"noopener\">Jo\u00e3o Rodrigues Campos<\/a> (Universidade de Coimbra, Portugal)<\/li>\n<\/ul>\n\n\n\n<h3 class=\"wp-block-heading\">Steering Committee<\/h3>\n\n\n\n<ul class=\"wp-block-list\">\n<li>Allan Edgard Silva Freitas (IFBA, Brazil)<\/li>\n\n\n\n<li>Andrea Bondavalli (UNIFI, Italy)<\/li>\n\n\n\n<li>Andrey Brito (UFCG, Brazil)<\/li>\n\n\n\n<li>Edson Tavares de Camargo (UTFPR, Brazil)<\/li>\n\n\n\n<li>Eduardo Alchieri (UnB, Brazil)<\/li>\n\n\n\n<li>Fernando Pedone (USI, Switzerland)<\/li>\n\n\n\n<li>Henrique Madeira (Univ. Coimbra, Portugal)<\/li>\n\n\n\n<li>Jos\u00e9 Orlando Pereira (Uminho, Portugal)<\/li>\n\n\n\n<li>Leonardo Montecchi (Unicamp, Brazil)<\/li>\n\n\n\n<li>Luciana Arantes (Sorbonne, France)<\/li>\n\n\n\n<li>Mohamed Kaaniche (LAAS, France)<\/li>\n<\/ul>\n","protected":false},"excerpt":{"rendered":"<p>General Chairs Luiz Antonio Rodrigues Western Parana State University, Brazilluiz.rodrigues [AT] unioeste.br H\u00e9ctor Cancela Universidad de la Republica, Uruguaycancela [AT] fing.edu.uy Program Chairs Fab\u00edola GreveFederal University of Bahia, Brazil Roberto NatellaUniversit\u00e0 degli Studi di Napoli Federico II, Italy Keynotes and Tutorials Chair Publicity Chair Workshop Chair Industry Track Chair Fast Abstract Chair Student Forum Chair [&hellip;]<\/p>\n","protected":false},"author":1,"featured_media":0,"parent":0,"menu_order":0,"comment_status":"closed","ping_status":"closed","template":"","meta":{"footnotes":""},"class_list":["post-7","page","type-page","status-publish","hentry"],"_links":{"self":[{"href":"https:\/\/ladc.sbc.org.br\/2023\/wp-json\/wp\/v2\/pages\/7","targetHints":{"allow":["GET"]}}],"collection":[{"href":"https:\/\/ladc.sbc.org.br\/2023\/wp-json\/wp\/v2\/pages"}],"about":[{"href":"https:\/\/ladc.sbc.org.br\/2023\/wp-json\/wp\/v2\/types\/page"}],"author":[{"embeddable":true,"href":"https:\/\/ladc.sbc.org.br\/2023\/wp-json\/wp\/v2\/users\/1"}],"replies":[{"embeddable":true,"href":"https:\/\/ladc.sbc.org.br\/2023\/wp-json\/wp\/v2\/comments?post=7"}],"version-history":[{"count":243,"href":"https:\/\/ladc.sbc.org.br\/2023\/wp-json\/wp\/v2\/pages\/7\/revisions"}],"predecessor-version":[{"id":3426,"href":"https:\/\/ladc.sbc.org.br\/2023\/wp-json\/wp\/v2\/pages\/7\/revisions\/3426"}],"wp:attachment":[{"href":"https:\/\/ladc.sbc.org.br\/2023\/wp-json\/wp\/v2\/media?parent=7"}],"curies":[{"name":"wp","href":"https:\/\/api.w.org\/{rel}","templated":true}]}}