{"id":2073,"date":"2022-03-30T21:29:30","date_gmt":"2022-03-31T00:29:30","guid":{"rendered":"https:\/\/ladc.sbc.org.br\/?page_id=2073"},"modified":"2024-10-08T13:36:43","modified_gmt":"2024-10-08T16:36:43","slug":"fast-abstract","status":"publish","type":"page","link":"https:\/\/ladc.sbc.org.br\/2024\/fast-abstract\/","title":{"rendered":"Fast Abstract"},"content":{"rendered":"\n<p>The LADC Fast Abstract track is an excellent opportunity for authors to share preliminary results, speculate on new directions to open problems or present challenging or controversial issues. The submissions are short manuscripts (2-pages in ACM double-column format) describing unpublished, in-progress, novel work, opinions or ideas that can address any relevant issue to dependability, including fault-tolerant architectures, protocols, and algorithms, models for performance and dependability evaluation, as well as experimentation and assessment of dependable and secure systems and networks.<\/p>\n\n\n\n<h2 class=\"wp-block-heading\"><strong style=\"font-size: 1em;\"><strong>Important Dates<\/strong><\/strong><\/h2>\n\n\n\n<ul class=\"wp-block-list\">\n<li>Paper submission: <s style=\"color: #282A35;\">August 30, 2024<\/s> <strong>September 23, 2024 (hard)<\/strong><\/li>\n\n\n\n<li>Author notification: <s style=\"color: #282A35;\">September 30, 2024<\/s> October 6, 2024<\/li>\n\n\n\n<li>Camera Ready: October 20, 2024<\/li>\n\n\n\n<li>Symposium: November 26-29, 2024<\/li>\n<\/ul>\n\n\n\n<h2 class=\"wp-block-heading\"><strong style=\"font-size: 1em;\">Submission Guidelines<\/strong><\/h2>\n\n\n\n<p>Academics and industrial practitioners are invited to submit fast abstracts limited to two pages (ACM double-column format). Accepted papers will be published in the SBC Digital Open Library (<a href=\"https:\/\/sol.sbc.org.br\/\">https:\/\/sol.sbc.org.br\/<\/a>) as a supplemental volume of the LADC proceedings. If accepted, at least one author is committing to present the paper at the conference. Papers must be submitted via JEMS. Comments and questions should be directed to the LADC 2024 Fast Abstract Chair.<\/p>\n\n\n\n<p>Papers must be submitted via JEMS at: <a href=\"https:\/\/jems.sbc.org.br\/home.cgi?c=4639\">https:\/\/jems.sbc.org.br\/home.cgi?c=4639<\/a><\/p>\n\n\n\n<p>Comments and questions should be directed to the LADC 2024 Fast Abstract Chair.<\/p>\n\n\n\n<div class=\"wp-block-columns is-layout-flex wp-container-core-columns-is-layout-9d6595d7 wp-block-columns-is-layout-flex\">\n<div class=\"wp-block-column is-layout-flow wp-block-column-is-layout-flow\">\n<div class=\"wp-block-buttons alignfull is-horizontal is-content-justification-center is-layout-flex wp-container-core-buttons-is-layout-499968f5 wp-block-buttons-is-layout-flex\">\n<div class=\"wp-block-button has-custom-width wp-block-button__width-100\"><a class=\"wp-block-button__link has-white-color has-text-color has-background no-border-radius wp-element-button\" href=\"https:\/\/jems.sbc.org.br\/home.cgi?c=4639\" style=\"background-color:#00a2c7\" target=\"_blank\" rel=\"noopener\">Submit now!<\/a><\/div>\n<\/div>\n<\/div>\n\n\n\n<div class=\"wp-block-column is-layout-flow wp-block-column-is-layout-flow\"><\/div>\n\n\n\n<div class=\"wp-block-column is-layout-flow wp-block-column-is-layout-flow\"><\/div>\n<\/div>\n\n\n\n<h2 class=\"wp-block-heading\">Chair<\/h2>\n\n\n\n<p>Marcelo Palma (UMSA, Bolivia) \u2013 <a href=\"mailto:marcelopalma@fcpn.edu.bo\">marcelopalma@fcpn.edu.bo<\/a><\/p>\n\n\n\n<h2 class=\"wp-block-heading\">Program Committee<\/h2>\n\n\n\n<ul class=\"wp-block-list\">\n<li>Amanda Resende, Universidade Estadual de Mato Grosso do Sul, Brazil<\/li>\n\n\n\n<li>Ana Karina D Salina, Universidade Federal de Mato Grosso do Sul, Brazil<\/li>\n\n\n\n<li>Armando Faz, Cloudflare, USA<\/li>\n\n\n\n<li>Edson Vallejos, Universidad Mayor de San Andr\u00e9s, Bolivia<\/li>\n\n\n\n<li>Eleazar Aguirre Anaya,&nbsp;Instituto Polit\u00e9cnico Nacional de M\u00e9xico, M\u00e9xico<\/li>\n\n\n\n<li>Elizabeth Pommier, Universidad Mayor de San Andr\u00e9s, Bolivia<\/li>\n\n\n\n<li>Hayato Fujii, Kryptus, Brazil<\/li>\n\n\n\n<li>Hilder Vitor Lima Pereira, Universidade de Campinas, Brazil<\/li>\n\n\n\n<li>Juan Diego Campo,&nbsp;Facultad de Ingenier\u00eda, Universidad de la Rep\u00fablica, Uruguay<\/li>\n<\/ul>\n","protected":false},"excerpt":{"rendered":"<p>The LADC Fast Abstract track is an excellent opportunity for authors to share preliminary results, speculate on new directions to open problems or present challenging or controversial issues. The submissions are short manuscripts (2-pages in ACM double-column format) describing unpublished, in-progress, novel work, opinions or ideas that can address any relevant issue to dependability, including [&hellip;]<\/p>\n","protected":false},"author":1,"featured_media":0,"parent":0,"menu_order":0,"comment_status":"closed","ping_status":"closed","template":"","meta":{"footnotes":""},"class_list":["post-2073","page","type-page","status-publish","hentry"],"_links":{"self":[{"href":"https:\/\/ladc.sbc.org.br\/2024\/wp-json\/wp\/v2\/pages\/2073","targetHints":{"allow":["GET"]}}],"collection":[{"href":"https:\/\/ladc.sbc.org.br\/2024\/wp-json\/wp\/v2\/pages"}],"about":[{"href":"https:\/\/ladc.sbc.org.br\/2024\/wp-json\/wp\/v2\/types\/page"}],"author":[{"embeddable":true,"href":"https:\/\/ladc.sbc.org.br\/2024\/wp-json\/wp\/v2\/users\/1"}],"replies":[{"embeddable":true,"href":"https:\/\/ladc.sbc.org.br\/2024\/wp-json\/wp\/v2\/comments?post=2073"}],"version-history":[{"count":43,"href":"https:\/\/ladc.sbc.org.br\/2024\/wp-json\/wp\/v2\/pages\/2073\/revisions"}],"predecessor-version":[{"id":4210,"href":"https:\/\/ladc.sbc.org.br\/2024\/wp-json\/wp\/v2\/pages\/2073\/revisions\/4210"}],"wp:attachment":[{"href":"https:\/\/ladc.sbc.org.br\/2024\/wp-json\/wp\/v2\/media?parent=2073"}],"curies":[{"name":"wp","href":"https:\/\/api.w.org\/{rel}","templated":true}]}}