{"id":3773,"date":"2024-05-07T07:18:44","date_gmt":"2024-05-07T10:18:44","guid":{"rendered":"https:\/\/ladc.sbc.org.br\/2024\/?page_id=3773"},"modified":"2024-05-31T11:10:26","modified_gmt":"2024-05-31T14:10:26","slug":"program-committee","status":"publish","type":"page","link":"https:\/\/ladc.sbc.org.br\/2024\/program-committee\/","title":{"rendered":"Program Committee"},"content":{"rendered":"\n<p><strong>Program Committee  Chairs<\/strong><\/p>\n\n\n\n<ul class=\"wp-block-list\">\n<li>Fernando Dotti &#8211; Pontifical Catholic University of Rio Grande do Sul, Brazil<\/li>\n\n\n\n<li>Nuno Laranjeiro &#8211; University of Coimbra, Portugal<\/li>\n<\/ul>\n\n\n\n<p><strong>Technical Committee<\/strong><\/p>\n\n\n\n<p>Aldri dos Santos, UFMG, Brazil <br>Andrey Brito, UFCG, Brazil<br>Antonio Augusto Frohlich, UFSC, Brazil<br>Armando Casta\u00f1eda, UNAM, Mexico<br>Avelino Zorzo, PUCRS, Brazil<br>Cecilia Rubira, UNICAMP, Brazil<br>David Alvarez Martinez, Universidad de Los Andes, Colombia<br>Edson Tavares de Camargo, UFTPR, Brazil<br>Eliane Martins, UNICAMP, Brazil<br>Elias Duarte Jr., UFPR, Brazil<br>Fatima Mattiello-Francisco, INPE, Brazil<br>Felicita Giandomenico, ISTI-CNR, Italy<br>Fernando Pedone, University of Lugano, Switzerland<br>Gerardo Simari, Universidad Nacional del Sur and CONICET, Argentina<br>Gustavo Betarte, Universidad de la Rep\u00fablica, Uruguay<br>Hans P. Reiser, Reykjavik University, Iceland<br>Hector Cancela, Universidad de la Rep\u00fablica, Uruguay<br>Hein Meling, University of Stavanger, Norway<br>Horst Schirmeier, TU Dresden, Germany<br>Joao R. Campos, University of Coimbra, Portugal<br>Jos\u00e9 D&#8217;Abruzzo Pereira, University of Coimbra, Portugal<br>Juan Pablo Carvallo, Universidad de Cuenca, Ecuador<br>Leonardo Montecchi, Norwegian University of Science and Technology, Norway<br>Louren\u00e7o Pereira J\u00fanior, ITA, Brazil<br>Luciana Arantes, Sorbonne Universit\u00e9, France<br>Luiz F. R. da Costa Carmo, Inmetro, Brazil<br>Luiz Rodrigues, Unioeste, Brazil<br>Marco Vieira, University of North Carolina at Charlotte, USA<br>Maximiliano Cristia, Universidad Nacional de Rosario, Argentina<br>Naghmeh Ivaki, University of Coimbra, Portugal<br>Nuno Neves, LASIGE\/UL, Portugal<br>Odorico Mendizabal, UFSC, Brazil<br>Patrizio Pelliccione, GSSI, Italy<br>Paulo Coelho, UFU, Brazil<br>Paulo Maciel, UFPE, Brazil<br>Pietro Liguori, Universit\u00e0 degli Studi di Napoli Federico II, Italy<br>Raimundo Jos\u00e9 de A. Macedo, UFBA, Brazil<br>Raul Barbosa, University of Coimbra, Portugal<br>Raul Ceretta Nunes, UFSM, Brazil<br>Regina Moraes, UNICAMP, Brazil<br>Roberto Palmieri, Lehigh University, USA<br>Rog\u00e9rio de Lemos, U. Kent, UK<br>Roman Vitenberg, University of Stavanger, Norway<br>Rui Oliveira, INESCTEC &amp; U. Minho, Portugal<br>Sara Tucci-Piergiovanni, CEA Institut List, Paris-Saclay University, France<br>S\u00e9rgio Gorender, UFBA, Brazil<br>Victor Parada, Universidad de Santiago de Chile, Chile<\/p>\n","protected":false},"excerpt":{"rendered":"<p>Program Committee Chairs Technical Committee Aldri dos Santos, UFMG, Brazil Andrey Brito, UFCG, BrazilAntonio Augusto Frohlich, UFSC, BrazilArmando Casta\u00f1eda, UNAM, MexicoAvelino Zorzo, PUCRS, BrazilCecilia Rubira, UNICAMP, BrazilDavid Alvarez Martinez, Universidad de Los Andes, ColombiaEdson Tavares de Camargo, UFTPR, BrazilEliane Martins, UNICAMP, BrazilElias Duarte Jr., UFPR, BrazilFatima Mattiello-Francisco, INPE, BrazilFelicita Giandomenico, ISTI-CNR, ItalyFernando Pedone, University of [&hellip;]<\/p>\n","protected":false},"author":4,"featured_media":0,"parent":0,"menu_order":0,"comment_status":"closed","ping_status":"closed","template":"","meta":{"footnotes":""},"class_list":["post-3773","page","type-page","status-publish","hentry"],"_links":{"self":[{"href":"https:\/\/ladc.sbc.org.br\/2024\/wp-json\/wp\/v2\/pages\/3773","targetHints":{"allow":["GET"]}}],"collection":[{"href":"https:\/\/ladc.sbc.org.br\/2024\/wp-json\/wp\/v2\/pages"}],"about":[{"href":"https:\/\/ladc.sbc.org.br\/2024\/wp-json\/wp\/v2\/types\/page"}],"author":[{"embeddable":true,"href":"https:\/\/ladc.sbc.org.br\/2024\/wp-json\/wp\/v2\/users\/4"}],"replies":[{"embeddable":true,"href":"https:\/\/ladc.sbc.org.br\/2024\/wp-json\/wp\/v2\/comments?post=3773"}],"version-history":[{"count":5,"href":"https:\/\/ladc.sbc.org.br\/2024\/wp-json\/wp\/v2\/pages\/3773\/revisions"}],"predecessor-version":[{"id":3817,"href":"https:\/\/ladc.sbc.org.br\/2024\/wp-json\/wp\/v2\/pages\/3773\/revisions\/3817"}],"wp:attachment":[{"href":"https:\/\/ladc.sbc.org.br\/2024\/wp-json\/wp\/v2\/media?parent=3773"}],"curies":[{"name":"wp","href":"https:\/\/api.w.org\/{rel}","templated":true}]}}