{"id":3253,"date":"2023-02-28T11:24:45","date_gmt":"2023-02-28T14:24:45","guid":{"rendered":"https:\/\/ladc.sbc.org.br\/2025\/?page_id=3253"},"modified":"2025-10-02T15:10:30","modified_gmt":"2025-10-02T18:10:30","slug":"venue","status":"publish","type":"page","link":"https:\/\/ladc.sbc.org.br\/2025\/venue\/","title":{"rendered":"Venue"},"content":{"rendered":"\n<h2 class=\"wp-block-heading\">Venue<\/h2>\n\n\n\n<p>In this edition, <strong>LADC will take place at two locations<\/strong>. The first day (Monday, October 27) will be held at <strong><a href=\"https:\/\/www.google.com\/maps\/place\/UNAB+-+Campus+Vi%C3%B1a+del+Mar\/@-33.0130897,-71.5413935,1877m\/data=!3m1!1e3!4m14!1m7!3m6!1s0x9689ddd5ef139209:0x78bb6353ef13f807!2sUNAB+-+Campus+Vi%C3%B1a+del+Mar!8m2!3d-33.0130897!4d-71.5413935!16s%2Fg%2F1pp2tkfvw!3m5!1s0x9689ddd5ef139209:0x78bb6353ef13f807!8m2!3d-33.0130897!4d-71.5413935!16s%2Fg%2F1pp2tkfvw?hl=en&amp;entry=ttu&amp;g_ep=EgoyMDI1MDkxNS4wIKXMDSoASAFQAw%3D%3D\">UNAB<\/a><\/strong> (Universidad Andr\u00e9s Bello), Vi\u00f1a del Mar. The remaining days of the event will take place at <strong><a href=\"https:\/\/www.google.com\/maps\/place\/Edificio+Isabel+Brown+Caces+PUCV\/@-33.044647,-71.612463,469m\/data=!3m1!1e3!4m14!1m7!3m6!1s0x9689e0da0b53aa97:0x928c11c78e044b81!2sEdificio+Isabel+Brown+Caces+PUCV!8m2!3d-33.0446465!4d-71.6124632!16s%2Fg%2F11bzwpt8jq!3m5!1s0x9689e0da0b53aa97:0x928c11c78e044b81!8m2!3d-33.0446465!4d-71.6124632!16s%2Fg%2F11bzwpt8jq?hl=pt-BR&amp;entry=ttu&amp;g_ep=EgoyMDI1MDkxNS4wIKXMDSoASAFQAw%3D%3D\">IBC<\/a><\/strong> (Edificio Isabel Brown Caces), which is located at the Pontificia Universidad Cat\u00f3lica de Valpara\u00edso (PUCV).<\/p>\n\n\n\n<h4 class=\"wp-block-heading\">UNAB &#8211; Vi\u00f1a del Mar<\/h4>\n\n\n\n<div class=\"wp-block-columns is-layout-flex wp-container-core-columns-is-layout-9d6595d7 wp-block-columns-is-layout-flex\">\n<div class=\"wp-block-column is-layout-flow wp-block-column-is-layout-flow\">\n<div class=\"wp-block-columns is-layout-flex wp-container-core-columns-is-layout-9d6595d7 wp-block-columns-is-layout-flex\">\n<div class=\"wp-block-column is-layout-flow wp-block-column-is-layout-flow\">\n<figure class=\"wp-block-image size-full\"><img loading=\"lazy\" decoding=\"async\" width=\"1559\" height=\"1034\" src=\"https:\/\/ladc.sbc.org.br\/2025\/wp-content\/uploads\/2025\/10\/UNAB.jpg\" alt=\"\" class=\"wp-image-4878\" srcset=\"https:\/\/ladc.sbc.org.br\/2025\/wp-content\/uploads\/2025\/10\/UNAB.jpg 1559w, https:\/\/ladc.sbc.org.br\/2025\/wp-content\/uploads\/2025\/10\/UNAB-300x199.jpg 300w, https:\/\/ladc.sbc.org.br\/2025\/wp-content\/uploads\/2025\/10\/UNAB-1024x679.jpg 1024w, https:\/\/ladc.sbc.org.br\/2025\/wp-content\/uploads\/2025\/10\/UNAB-768x509.jpg 768w, https:\/\/ladc.sbc.org.br\/2025\/wp-content\/uploads\/2025\/10\/UNAB-1536x1019.jpg 1536w\" sizes=\"auto, (max-width: 1559px) 100vw, 1559px\" \/><\/figure>\n<\/div>\n<\/div>\n<\/div>\n\n\n\n<div class=\"wp-block-column is-vertically-aligned-stretch is-layout-flow wp-block-column-is-layout-flow\">\n<iframe src=\"https:\/\/www.google.com\/maps\/embed?pb=!1m14!1m8!1m3!1d8172.438965852831!2d-71.541393!3d-33.01309!3m2!1i1024!2i768!4f13.1!3m3!1m2!1s0x9689ddd5ef139209%3A0x78bb6353ef13f807!2sUNAB%20-%20Campus%20Vi%C3%B1a%20del%20Mar!5e1!3m2!1sen!2sus!4v1759427494614!5m2!1sen!2sus\" width=\"100%\" height=\"450\" style=\"border:0;\" allowfullscreen=\"\" loading=\"lazy\" referrerpolicy=\"no-referrer-when-downgrade\"><\/iframe>\n\n\n\n<p><strong>Address: <\/strong>Quillota 980, Valpara\u00edso, Vi\u00f1a del Mar, Valpara\u00edso, Chile<\/p>\n<\/div>\n<\/div>\n\n\n\n<div style=\"height:54px\" aria-hidden=\"true\" class=\"wp-block-spacer\"><\/div>\n\n\n\n<h4 class=\"wp-block-heading\">IBC\/PUCV &#8211; Valpara\u00edso<\/h4>\n\n\n\n<div class=\"wp-block-columns is-layout-flex wp-container-core-columns-is-layout-9d6595d7 wp-block-columns-is-layout-flex\">\n<div class=\"wp-block-column is-layout-flow wp-block-column-is-layout-flow\">\n<div class=\"wp-block-columns is-layout-flex wp-container-core-columns-is-layout-9d6595d7 wp-block-columns-is-layout-flex\">\n<div class=\"wp-block-column is-layout-flow wp-block-column-is-layout-flow\">\n<figure class=\"wp-block-image size-full\"><img loading=\"lazy\" decoding=\"async\" width=\"686\" height=\"390\" src=\"https:\/\/ladc.sbc.org.br\/2025\/wp-content\/uploads\/2025\/01\/image-1.png\" alt=\"\" class=\"wp-image-4428\" srcset=\"https:\/\/ladc.sbc.org.br\/2025\/wp-content\/uploads\/2025\/01\/image-1.png 686w, https:\/\/ladc.sbc.org.br\/2025\/wp-content\/uploads\/2025\/01\/image-1-300x171.png 300w\" sizes=\"auto, (max-width: 686px) 100vw, 686px\" \/><\/figure>\n<\/div>\n<\/div>\n<\/div>\n\n\n\n<div class=\"wp-block-column is-vertically-aligned-stretch is-layout-flow wp-block-column-is-layout-flow\">\n<iframe src=\"https:\/\/www.google.com\/maps\/embed?pb=!1m18!1m12!1m3!1d281.4138944951119!2d-71.61263510303502!3d-33.04517338203365!2m3!1f290.56916212222!2f0!3f0!3m2!1i1024!2i768!4f35!3m3!1m2!1s0x9689e0da0b53aa97%3A0x928c11c78e044b81!2sEdificio%20Isabel%20Brown%20Caces%20PUCV!5e1!3m2!1spt-BR!2sus!4v1736527522480!5m2!1spt-BR!2sus\" width=\"100%\" height=\"450\" style=\"border:0;\" allowfullscreen=\"\" loading=\"lazy\" referrerpolicy=\"no-referrer-when-downgrade\"><\/iframe>\n\n\n\n<p><strong>Address: <\/strong>Av. Brasil 2241, Valpara\u00edso, Chile.<\/p>\n<\/div>\n<\/div>\n\n\n\n<hr class=\"wp-block-separator has-alpha-channel-opacity\"\/>\n\n\n\n<h2 class=\"wp-block-heading\">Valpara\u00edso<\/h2>\n\n\n\n<div class=\"wp-block-columns is-layout-flex wp-container-core-columns-is-layout-9d6595d7 wp-block-columns-is-layout-flex\">\n<div class=\"wp-block-column is-layout-flow wp-block-column-is-layout-flow\" style=\"flex-basis:33.33%\">\n<p>Valpara\u00edso, Chile, is a charming city and a <strong>UNESCO World Heritage Site<\/strong>, known for its unique and vibrant architecture. Its narrow streets, endless staircases, and historic funiculars lead to viewpoints offering breathtaking views. During New Year\u2019s celebrations, the city comes alive with carnivals and an impressive fireworks display over the sea.<\/p>\n\n\n\n<p><br>A visit to Valpara\u00edso is a dive into Chilean history, culture, and joy, with unforgettable experiences at every turn.<\/p>\n<\/div>\n\n\n\n<div class=\"wp-block-column is-layout-flow wp-block-column-is-layout-flow\" style=\"flex-basis:66.66%\">\n<figure class=\"wp-block-image size-full\"><img loading=\"lazy\" decoding=\"async\" width=\"940\" height=\"788\" src=\"https:\/\/ladc.sbc.org.br\/2025\/wp-content\/uploads\/2025\/01\/Valparaiso-Chile.png\" alt=\"\" class=\"wp-image-4444\" srcset=\"https:\/\/ladc.sbc.org.br\/2025\/wp-content\/uploads\/2025\/01\/Valparaiso-Chile.png 940w, https:\/\/ladc.sbc.org.br\/2025\/wp-content\/uploads\/2025\/01\/Valparaiso-Chile-300x251.png 300w, https:\/\/ladc.sbc.org.br\/2025\/wp-content\/uploads\/2025\/01\/Valparaiso-Chile-768x644.png 768w\" sizes=\"auto, (max-width: 940px) 100vw, 940px\" \/><\/figure>\n<\/div>\n<\/div>\n\n\n\n<hr class=\"wp-block-separator has-alpha-channel-opacity\"\/>\n\n\n\n<h2 class=\"wp-block-heading\">Visa<\/h2>\n\n\n\n<p>Argentina, Bolivia, Brazil, Colombia, Ecuador, Paraguay, Peru, and Uruguay <strong>do not need a visa to enter Chile<\/strong>.<\/p>\n\n\n\n<p>Please check information about other countries <a href=\"https:\/\/www.consulado.gob.cl\/cuadro-de-visas-y-aranceles-de-chile\" data-type=\"link\" data-id=\"https:\/\/www.gov.br\/mre\/pt-br\/assuntos\/portal-consular\/vistos\/quadro-geral-de-regime-de-vistos-para-entrada-de-estrangeiros-no-brasil\" target=\"_blank\" rel=\"noreferrer noopener\">here<\/a>.<\/p>\n\n\n\n<p>Please also check out the detailed information on visas for entering Chile by clicking on the button below.<\/p>\n\n\n\n<div class=\"wp-block-columns is-layout-flex wp-container-core-columns-is-layout-9d6595d7 wp-block-columns-is-layout-flex\">\n<div class=\"wp-block-column is-layout-flow wp-block-column-is-layout-flow\">\n<div class=\"wp-block-buttons alignfull is-horizontal is-content-justification-space-between is-layout-flex wp-container-core-buttons-is-layout-9262d1ff wp-block-buttons-is-layout-flex\">\n<div class=\"wp-block-button has-custom-width wp-block-button__width-100\"><a class=\"wp-block-button__link has-white-color has-text-color has-background no-border-radius wp-element-button\" href=\"https:\/\/www.consulado.gob.cl\/informacion-sobre-visas-para-ingresar-a-chile\" style=\"background-color:#00a3c8\" target=\"_blank\" rel=\"noreferrer noopener\">Read more<\/a><\/div>\n<\/div>\n<\/div>\n\n\n\n<div class=\"wp-block-column is-layout-flow wp-block-column-is-layout-flow\"><\/div>\n\n\n\n<div class=\"wp-block-column is-layout-flow wp-block-column-is-layout-flow\"><\/div>\n<\/div>\n\n\n\n<hr class=\"wp-block-separator has-alpha-channel-opacity\"\/>\n\n\n\n<h2 class=\"wp-block-heading\">Hotels<\/h2>\n\n\n\n<p>LADC attendees can benefit from a special discount at the hotel described below.<\/p>\n\n\n\n<h4 class=\"wp-block-heading\">IBIS Valpara\u00edso<\/h4>\n\n\n\n<p>Special <strong>15% off the public rate<\/strong> charged by the hotel.<\/p>\n\n\n\n<p><strong>Discount valid for bookings made before 10 October 2025<\/strong>. After this date, the hotel\u2019s standard rates will apply.<\/p>\n\n\n\n<p>This information does not generate room reservations.<\/p>\n\n\n\n<p>Availability subject to change, depending on demand at the hotel.<\/p>\n\n\n\n<p>Direct payment reservations for each guest, guaranteeing stay and extra charges with credit card.<br><br><strong>IMPORTANT:<\/strong> Reservations must be requested indicating participation in the <strong>AO4ELT8 International Conference<\/strong> from 27 to 31 October 2025 and sent to the reservations email address: <a href=\"mailto:sofia.riquelme@accor.com\">sofia.riquelme@accor.com<\/a>, with a copy to: <a href=\"mailto:maria.astete@accor.com\">maria.astete@accor.com<\/a>.<\/p>\n\n\n\n<div class=\"wp-block-columns is-layout-flex wp-container-core-columns-is-layout-9d6595d7 wp-block-columns-is-layout-flex\">\n<div class=\"wp-block-column is-layout-flow wp-block-column-is-layout-flow\">\n<figure class=\"wp-block-image size-full\"><img loading=\"lazy\" decoding=\"async\" width=\"1024\" height=\"768\" src=\"https:\/\/ladc.sbc.org.br\/2025\/wp-content\/uploads\/2025\/10\/hotel1.png\" alt=\"\" class=\"wp-image-4873\" srcset=\"https:\/\/ladc.sbc.org.br\/2025\/wp-content\/uploads\/2025\/10\/hotel1.png 1024w, https:\/\/ladc.sbc.org.br\/2025\/wp-content\/uploads\/2025\/10\/hotel1-300x225.png 300w, https:\/\/ladc.sbc.org.br\/2025\/wp-content\/uploads\/2025\/10\/hotel1-768x576.png 768w\" sizes=\"auto, (max-width: 1024px) 100vw, 1024px\" \/><\/figure>\n<\/div>\n\n\n\n<div class=\"wp-block-column is-layout-flow wp-block-column-is-layout-flow\">\n<figure class=\"wp-block-image size-full\"><img loading=\"lazy\" decoding=\"async\" width=\"1024\" height=\"768\" src=\"https:\/\/ladc.sbc.org.br\/2025\/wp-content\/uploads\/2025\/10\/hotel-2.png\" alt=\"\" class=\"wp-image-4874\" srcset=\"https:\/\/ladc.sbc.org.br\/2025\/wp-content\/uploads\/2025\/10\/hotel-2.png 1024w, https:\/\/ladc.sbc.org.br\/2025\/wp-content\/uploads\/2025\/10\/hotel-2-300x225.png 300w, https:\/\/ladc.sbc.org.br\/2025\/wp-content\/uploads\/2025\/10\/hotel-2-768x576.png 768w\" sizes=\"auto, (max-width: 1024px) 100vw, 1024px\" \/><\/figure>\n<\/div>\n\n\n\n<div class=\"wp-block-column is-layout-flow wp-block-column-is-layout-flow\">\n<figure class=\"wp-block-image size-full\"><img loading=\"lazy\" decoding=\"async\" width=\"1024\" height=\"768\" src=\"https:\/\/ladc.sbc.org.br\/2025\/wp-content\/uploads\/2025\/10\/hotel-3.png\" alt=\"\" class=\"wp-image-4875\" srcset=\"https:\/\/ladc.sbc.org.br\/2025\/wp-content\/uploads\/2025\/10\/hotel-3.png 1024w, https:\/\/ladc.sbc.org.br\/2025\/wp-content\/uploads\/2025\/10\/hotel-3-300x225.png 300w, https:\/\/ladc.sbc.org.br\/2025\/wp-content\/uploads\/2025\/10\/hotel-3-768x576.png 768w\" sizes=\"auto, (max-width: 1024px) 100vw, 1024px\" \/><\/figure>\n<\/div>\n<\/div>\n\n\n\n<hr class=\"wp-block-separator has-alpha-channel-opacity\"\/>\n\n\n\n<h2 class=\"wp-block-heading\">Restaurants<\/h2>\n\n\n\n<p>Suggestions for restaurants near the venue will be announced soon.<\/p>\n","protected":false},"excerpt":{"rendered":"<p>Venue In this edition, LADC will take place at two locations. The first day (Monday, October 27) will be held at UNAB (Universidad Andr\u00e9s Bello), Vi\u00f1a del Mar. The remaining days of the event will take place at IBC (Edificio Isabel Brown Caces), which is located at the Pontificia Universidad Cat\u00f3lica de Valpara\u00edso (PUCV). UNAB [&hellip;]<\/p>\n","protected":false},"author":4,"featured_media":0,"parent":0,"menu_order":0,"comment_status":"closed","ping_status":"closed","template":"","meta":{"footnotes":""},"class_list":["post-3253","page","type-page","status-publish","hentry"],"_links":{"self":[{"href":"https:\/\/ladc.sbc.org.br\/2025\/wp-json\/wp\/v2\/pages\/3253","targetHints":{"allow":["GET"]}}],"collection":[{"href":"https:\/\/ladc.sbc.org.br\/2025\/wp-json\/wp\/v2\/pages"}],"about":[{"href":"https:\/\/ladc.sbc.org.br\/2025\/wp-json\/wp\/v2\/types\/page"}],"author":[{"embeddable":true,"href":"https:\/\/ladc.sbc.org.br\/2025\/wp-json\/wp\/v2\/users\/4"}],"replies":[{"embeddable":true,"href":"https:\/\/ladc.sbc.org.br\/2025\/wp-json\/wp\/v2\/comments?post=3253"}],"version-history":[{"count":47,"href":"https:\/\/ladc.sbc.org.br\/2025\/wp-json\/wp\/v2\/pages\/3253\/revisions"}],"predecessor-version":[{"id":4880,"href":"https:\/\/ladc.sbc.org.br\/2025\/wp-json\/wp\/v2\/pages\/3253\/revisions\/4880"}],"wp:attachment":[{"href":"https:\/\/ladc.sbc.org.br\/2025\/wp-json\/wp\/v2\/media?parent=3253"}],"curies":[{"name":"wp","href":"https:\/\/api.w.org\/{rel}","templated":true}]}}