{"id":4485,"date":"2025-01-17T15:52:27","date_gmt":"2025-01-17T18:52:27","guid":{"rendered":"https:\/\/ladc.sbc.org.br\/2025\/?page_id=4485"},"modified":"2026-03-27T15:18:32","modified_gmt":"2026-03-27T18:18:32","slug":"best-paper-award","status":"publish","type":"page","link":"https:\/\/ladc.sbc.org.br\/2025\/best-paper-award\/","title":{"rendered":"Best Paper Award"},"content":{"rendered":"\n<div class=\"wp-block-columns is-layout-flex wp-container-core-columns-is-layout-9d6595d7 wp-block-columns-is-layout-flex\">\n<div class=\"wp-block-column has-text-color has-background has-link-color wp-elements-859c38068fc361b29ebf7f42b9e1ab1e is-layout-flow wp-block-column-is-layout-flow\" style=\"color:#000000;background-color:#f7f7f7;padding-top:2em;padding-right:2em;padding-bottom:2em;padding-left:2em\">\n<h3 class=\"wp-block-heading\" id=\"single\" style=\"font-size:40px\"><strong>LADC 2025 Best Paper<\/strong> <strong>Award Winner<\/strong><\/h3>\n\n\n\n<hr class=\"wp-block-separator has-alpha-channel-opacity is-style-wide\"\/>\n\n\n\n<p><a href=\"https:\/\/link.springer.com\/chapter\/10.1007\/978-3-032-11539-3_14\" target=\"_blank\" rel=\"noreferrer noopener\"><em><strong>Evaluating eBPF as an Alternative to Virtual Machine Introspection for High-Interaction Honeypot Implementation<\/strong><\/em><\/a><br>Niku Waltteri S. Nuutinen (Reykjavik University \u2013 Iceland)<br>Miguel Fa\u00edsco (Reykjavik University \u2013 Iceland)<br>Ib\u00e9ria Medeiros (University of Lisbon \u2013 Portugal)<br>Hans P. Reiser (Reykjavik University \u2013 Iceland)<\/p>\n<\/div>\n<\/div>\n\n\n\n<h2 class=\"wp-block-heading\">LADC Best Paper Award<\/h2>\n\n\n\n<p>Since 2009, LADC attributes a Best Paper Award to recognize the best technical papers each year at the symposium. The selection of best paper candidates is carried out by the Program Committee that picks up to 3 distinguished papers of the accepted papers. The 3 distinguished papers are presented in a special session, with one of them been receiving the award, honoring its excellence in research, innovation, and impact.<\/p>\n\n\n\n<h2 class=\"wp-block-heading\">Past Best Paper Award Winners<\/h2>\n\n\n\n<ul class=\"wp-block-list\">\n<li><strong>2024: <a href=\"https:\/\/dl.acm.org\/doi\/10.1145\/3697090.3697095\" target=\"_blank\" rel=\"noreferrer noopener\">Generic Multicast<\/a><\/strong><br>Jose Bolina (Federal University of Uberl\u00e2ndia \u2013 Brazil)<br>Pierre Sutra (T\u00e9l\u00e9com SudParis \u2013 France)<br>Douglas Antunes (Federal University of Uberl\u00e2ndia \u2013 Brazil)<br>Lasaro Camargos (Federal University of Uberl\u00e2ndia \u2013 Brazil)<\/li>\n<\/ul>\n\n\n\n<p><\/p>\n\n\n\n<ul class=\"wp-block-list\">\n<li><strong>2023: <a href=\"https:\/\/dl.acm.org\/doi\/10.1145\/3615366.3615426\" target=\"_blank\" rel=\"noreferrer noopener\">Third-Party Trackers in COVID-19 Mobile Applications Can Enable Privacy Leaks<\/a><\/strong><br>Nicolas Serrano (Pedeciba Inform\u00e1tica \u2013 Uruguay)<br>Gustavo Betarte (Universidad de la Rep\u00fablica \u2013 Uruguay)<br>Juan Diego Campo (Universidad de la Republica \u2013 Uruguay)<\/li>\n<\/ul>\n\n\n\n<p><\/p>\n\n\n\n<ul class=\"wp-block-list\">\n<li><strong>2022. <a href=\"https:\/\/dl.acm.org\/doi\/10.1145\/3569902.3569907\" target=\"_blank\" rel=\"noreferrer noopener\">NHAM: An NFV High Availability Architecture for Building Fault-Tolerant Stateful Virtual Functions and Services<\/a><\/strong><br>Giovanni Ven\u00e2ncio (Federal University of Paran\u00e1 \u2013 Brazil)<br>Elias Duarte Jr. (Federal University of Paran\u00e1 \u2013 Brazil)<\/li>\n<\/ul>\n\n\n\n<p><\/p>\n\n\n\n<ul class=\"wp-block-list\">\n<li><strong>2021: <a href=\"https:\/\/ieeexplore.ieee.org\/document\/9672590\" target=\"_blank\" rel=\"noreferrer noopener\">An Algorithm-Based Fault Tolerance Strategy for the Bitonic Sort Parallel Algorithm<\/a><\/strong><br>Edson T. Camargo (Federal Technology University of Paran\u00e1 \u2013 Brazil)<br>Elias P. Duarte Jr. (Federal University of Paran\u00e1 \u2013 Brazil)<\/li>\n<\/ul>\n\n\n\n<p><\/p>\n\n\n\n<ul class=\"wp-block-list\">\n<li><strong>2019: <a href=\"https:\/\/ieeexplore.ieee.org\/document\/8995712\" target=\"_blank\" rel=\"noreferrer noopener\">Performability Analysis of a Tramway System with Virtual Tags and Local Positioning<\/a><\/strong><br>Leandro Silva (UFAL &#8211; Brazil)<br>Diamantea Mongelli (Resiltech S.R.L. &#8211; Italy)<br>Paolo Lollini (University of Firenze &#8211; Italy)<br>Andrea Bondavalli (University of Firenze &#8211; Italy)<br>Gianluca Mand\u00f2 (Thales Italia SpA &#8211; Italy)<\/li>\n<\/ul>\n\n\n\n<p><\/p>\n\n\n\n<ul class=\"wp-block-list\">\n<li><strong>2016: <a href=\"https:\/\/ieeexplore.ieee.org\/document\/7781832\" target=\"_blank\" rel=\"noreferrer noopener\">Running Resilient MPI Applications on a Dynamic Group of Recommended Processes<\/a><\/strong><br>Edson T. Camargo (Federal Technology University of Paran\u00e1 \u2013 Brazil)<br>Elias P. Duarte Jr. (Federal University of Paran\u00e1 \u2013 Brazil)<\/li>\n<\/ul>\n\n\n\n<p><\/p>\n\n\n\n<ul class=\"wp-block-list\">\n<li><strong>2013: <a href=\"https:\/\/ieeexplore.ieee.org\/document\/6542607\" target=\"_blank\" rel=\"noreferrer noopener\">Battling Bad Bits with Checksums in the Loris Page Cache<\/a><\/strong><br>David C. van Moolenbroek (Vrije University &#8211; Netherlands)<br>Raja Appuswamy (Vrije University &#8211; Netherlands)<br>Andrew S. Tanenbaum (Vrije University &#8211; Netherlands)<\/li>\n<\/ul>\n\n\n\n<p><\/p>\n\n\n\n<ul class=\"wp-block-list\">\n<li><strong>2011: <a href=\"https:\/\/ieeexplore.ieee.org\/document\/5783399\" target=\"_blank\" rel=\"noreferrer noopener\">Byzantine Fault-Tolerant Deferred Update Replication<\/a><\/strong><br>Fernando Pedone (University of Lugano &#8211; Switzerland)<br>Nicolas Schiper (University of Lugano &#8211; Switzerland)<br>Jos\u00e9 Enrique Armend\u00e1riz-I\u00f1igo (Universidad P\u00fablica de Navarra &#8211; Spain)<\/li>\n<\/ul>\n\n\n\n<p><\/p>\n\n\n\n<ul class=\"wp-block-list\">\n<li><strong>2009: <a href=\"https:\/\/ieeexplore.ieee.org\/document\/5234311\" target=\"_blank\" rel=\"noreferrer noopener\">Dealing with Driver Failures in the Storage Stack<\/a><\/strong><br>Jorrit N. Herder (Vrije University &#8211; Netherlands)<br>David C. van Moolenbroek (Vrije University &#8211; Netherlands)<br>Raja Appuswamy (Vrije University &#8211; Netherlands)<br>Bingzheng Wu (Chinese Academy of Sciences &#8211; China)<br>Ben Gras (Vrije University &#8211; Netherlands)<br>Andrew S. Tanenbaum (Vrije University &#8211; Netherlands)<\/li>\n<\/ul>\n","protected":false},"excerpt":{"rendered":"<p>LADC 2025 Best Paper Award Winner Evaluating eBPF as an Alternative to Virtual Machine Introspection for High-Interaction Honeypot ImplementationNiku Waltteri S. Nuutinen (Reykjavik University \u2013 Iceland)Miguel Fa\u00edsco (Reykjavik University \u2013 Iceland)Ib\u00e9ria Medeiros (University of Lisbon \u2013 Portugal)Hans P. Reiser (Reykjavik University \u2013 Iceland) LADC Best Paper Award Since 2009, LADC attributes a Best Paper Award [&hellip;]<\/p>\n","protected":false},"author":5,"featured_media":0,"parent":0,"menu_order":0,"comment_status":"closed","ping_status":"closed","template":"","meta":{"footnotes":""},"class_list":["post-4485","page","type-page","status-publish","hentry"],"_links":{"self":[{"href":"https:\/\/ladc.sbc.org.br\/2025\/wp-json\/wp\/v2\/pages\/4485","targetHints":{"allow":["GET"]}}],"collection":[{"href":"https:\/\/ladc.sbc.org.br\/2025\/wp-json\/wp\/v2\/pages"}],"about":[{"href":"https:\/\/ladc.sbc.org.br\/2025\/wp-json\/wp\/v2\/types\/page"}],"author":[{"embeddable":true,"href":"https:\/\/ladc.sbc.org.br\/2025\/wp-json\/wp\/v2\/users\/5"}],"replies":[{"embeddable":true,"href":"https:\/\/ladc.sbc.org.br\/2025\/wp-json\/wp\/v2\/comments?post=4485"}],"version-history":[{"count":30,"href":"https:\/\/ladc.sbc.org.br\/2025\/wp-json\/wp\/v2\/pages\/4485\/revisions"}],"predecessor-version":[{"id":4944,"href":"https:\/\/ladc.sbc.org.br\/2025\/wp-json\/wp\/v2\/pages\/4485\/revisions\/4944"}],"wp:attachment":[{"href":"https:\/\/ladc.sbc.org.br\/2025\/wp-json\/wp\/v2\/media?parent=4485"}],"curies":[{"name":"wp","href":"https:\/\/api.w.org\/{rel}","templated":true}]}}