{"id":7,"date":"2018-11-27T09:17:42","date_gmt":"2018-11-27T09:17:42","guid":{"rendered":"https:\/\/ladc.sbc.org.br\/projects\/"},"modified":"2025-08-04T12:38:45","modified_gmt":"2025-08-04T15:38:45","slug":"organizing-committee","status":"publish","type":"page","link":"https:\/\/ladc.sbc.org.br\/2025\/organizing-committee\/","title":{"rendered":"Organizing Committee"},"content":{"rendered":"\n<h3 class=\"wp-block-heading has-text-align-center\">General Chairs<\/h3>\n\n\n\n<div class=\"wp-block-columns is-layout-flex wp-container-core-columns-is-layout-9d6595d7 wp-block-columns-is-layout-flex\">\n<div class=\"wp-block-column is-layout-flow wp-block-column-is-layout-flow\"><div class=\"wp-block-image is-style-rounded\">\n<figure class=\"aligncenter size-full is-resized\"><img loading=\"lazy\" decoding=\"async\" width=\"1080\" height=\"1080\" src=\"https:\/\/ladc.sbc.org.br\/2025\/wp-content\/uploads\/2025\/01\/Chairs-LADC-2025.jpg\" alt=\"\" class=\"wp-image-4396\" style=\"width:auto;height:200px\" srcset=\"https:\/\/ladc.sbc.org.br\/2025\/wp-content\/uploads\/2025\/01\/Chairs-LADC-2025.jpg 1080w, https:\/\/ladc.sbc.org.br\/2025\/wp-content\/uploads\/2025\/01\/Chairs-LADC-2025-300x300.jpg 300w, https:\/\/ladc.sbc.org.br\/2025\/wp-content\/uploads\/2025\/01\/Chairs-LADC-2025-1024x1024.jpg 1024w, https:\/\/ladc.sbc.org.br\/2025\/wp-content\/uploads\/2025\/01\/Chairs-LADC-2025-150x150.jpg 150w, https:\/\/ladc.sbc.org.br\/2025\/wp-content\/uploads\/2025\/01\/Chairs-LADC-2025-768x768.jpg 768w\" sizes=\"auto, (max-width: 1080px) 100vw, 1080px\" \/><\/figure>\n<\/div>\n\n\n<p class=\"has-text-align-center\"><strong>Edson Tavares de Camargo<\/strong><br>Federal Technological University of Paran\u00e1, Brazil<br><em>edson@utfpr.edu.br<\/em><\/p>\n<\/div>\n\n\n\n<div class=\"wp-block-column is-layout-flow wp-block-column-is-layout-flow\"><div class=\"wp-block-image is-style-rounded\">\n<figure class=\"aligncenter size-full is-resized\"><img loading=\"lazy\" decoding=\"async\" width=\"1080\" height=\"1080\" src=\"https:\/\/ladc.sbc.org.br\/2025\/wp-content\/uploads\/2025\/01\/Chairs-LADC-20252-1.png\" alt=\"\" class=\"wp-image-4520\" style=\"width:212px;height:auto\" srcset=\"https:\/\/ladc.sbc.org.br\/2025\/wp-content\/uploads\/2025\/01\/Chairs-LADC-20252-1.png 1080w, https:\/\/ladc.sbc.org.br\/2025\/wp-content\/uploads\/2025\/01\/Chairs-LADC-20252-1-300x300.png 300w, https:\/\/ladc.sbc.org.br\/2025\/wp-content\/uploads\/2025\/01\/Chairs-LADC-20252-1-1024x1024.png 1024w, https:\/\/ladc.sbc.org.br\/2025\/wp-content\/uploads\/2025\/01\/Chairs-LADC-20252-1-150x150.png 150w, https:\/\/ladc.sbc.org.br\/2025\/wp-content\/uploads\/2025\/01\/Chairs-LADC-20252-1-768x768.png 768w\" sizes=\"auto, (max-width: 1080px) 100vw, 1080px\" \/><\/figure>\n<\/div>\n\n\n<p class=\"has-text-align-center\"><strong>Odorico Mendizabal<\/strong><br>Federal University of Santa Catarina, Brazil<br><em>odorico.mendizabal@ufsc.br<\/em><br><\/p>\n<\/div>\n\n\n\n<div class=\"wp-block-column is-layout-flow wp-block-column-is-layout-flow\"><div class=\"wp-block-image is-style-rounded\">\n<figure class=\"aligncenter size-full is-resized\"><img loading=\"lazy\" decoding=\"async\" width=\"1080\" height=\"1080\" src=\"https:\/\/ladc.sbc.org.br\/2025\/wp-content\/uploads\/2025\/02\/Sebastian-Berrios-Vasquez-1.jpg\" alt=\"\" class=\"wp-image-4541\" style=\"width:212px;height:auto\" srcset=\"https:\/\/ladc.sbc.org.br\/2025\/wp-content\/uploads\/2025\/02\/Sebastian-Berrios-Vasquez-1.jpg 1080w, https:\/\/ladc.sbc.org.br\/2025\/wp-content\/uploads\/2025\/02\/Sebastian-Berrios-Vasquez-1-300x300.jpg 300w, https:\/\/ladc.sbc.org.br\/2025\/wp-content\/uploads\/2025\/02\/Sebastian-Berrios-Vasquez-1-1024x1024.jpg 1024w, https:\/\/ladc.sbc.org.br\/2025\/wp-content\/uploads\/2025\/02\/Sebastian-Berrios-Vasquez-1-150x150.jpg 150w, https:\/\/ladc.sbc.org.br\/2025\/wp-content\/uploads\/2025\/02\/Sebastian-Berrios-Vasquez-1-768x768.jpg 768w\" sizes=\"auto, (max-width: 1080px) 100vw, 1080px\" \/><\/figure>\n<\/div>\n\n\n<p class=\"has-text-align-center\"><strong>Sebasti\u00e1n Berr\u00edos V\u00e1squez<\/strong><br>PUCV, Chile<br><em>sebastian.berrios@pucv.cl<\/em><br><\/p>\n<\/div>\n<\/div>\n\n\n\n<div style=\"height:53px\" aria-hidden=\"true\" class=\"wp-block-spacer\"><\/div>\n\n\n\n<h3 class=\"wp-block-heading has-text-align-center\">Program Chairs<\/h3>\n\n\n\n<div class=\"wp-block-columns is-layout-flex wp-container-core-columns-is-layout-9d6595d7 wp-block-columns-is-layout-flex\">\n<div class=\"wp-block-column is-layout-flow wp-block-column-is-layout-flow\"><div class=\"wp-block-image is-style-rounded\">\n<figure class=\"aligncenter size-full is-resized\"><img loading=\"lazy\" decoding=\"async\" width=\"1080\" height=\"1080\" src=\"https:\/\/ladc.sbc.org.br\/2025\/wp-content\/uploads\/2025\/01\/Chairs-LADC-20253.png\" alt=\"\" class=\"wp-image-4523\" style=\"width:auto;height:200px\" srcset=\"https:\/\/ladc.sbc.org.br\/2025\/wp-content\/uploads\/2025\/01\/Chairs-LADC-20253.png 1080w, https:\/\/ladc.sbc.org.br\/2025\/wp-content\/uploads\/2025\/01\/Chairs-LADC-20253-300x300.png 300w, https:\/\/ladc.sbc.org.br\/2025\/wp-content\/uploads\/2025\/01\/Chairs-LADC-20253-1024x1024.png 1024w, https:\/\/ladc.sbc.org.br\/2025\/wp-content\/uploads\/2025\/01\/Chairs-LADC-20253-150x150.png 150w, https:\/\/ladc.sbc.org.br\/2025\/wp-content\/uploads\/2025\/01\/Chairs-LADC-20253-768x768.png 768w\" sizes=\"auto, (max-width: 1080px) 100vw, 1080px\" \/><\/figure>\n<\/div>\n\n\n<p class=\"has-text-align-center\"><strong>Luiz Antonio Rodrigues<\/strong><br>Western Parana State University, Brazil<\/p>\n<\/div>\n\n\n\n<div class=\"wp-block-column is-layout-flow wp-block-column-is-layout-flow\"><div class=\"wp-block-image is-style-rounded\">\n<figure class=\"aligncenter size-full is-resized\"><img loading=\"lazy\" decoding=\"async\" width=\"1080\" height=\"1080\" src=\"https:\/\/ladc.sbc.org.br\/2025\/wp-content\/uploads\/2025\/01\/rui-oliveira-1.jpg\" alt=\"\" class=\"wp-image-4400\" style=\"width:auto;height:200px\" srcset=\"https:\/\/ladc.sbc.org.br\/2025\/wp-content\/uploads\/2025\/01\/rui-oliveira-1.jpg 1080w, https:\/\/ladc.sbc.org.br\/2025\/wp-content\/uploads\/2025\/01\/rui-oliveira-1-300x300.jpg 300w, https:\/\/ladc.sbc.org.br\/2025\/wp-content\/uploads\/2025\/01\/rui-oliveira-1-1024x1024.jpg 1024w, https:\/\/ladc.sbc.org.br\/2025\/wp-content\/uploads\/2025\/01\/rui-oliveira-1-150x150.jpg 150w, https:\/\/ladc.sbc.org.br\/2025\/wp-content\/uploads\/2025\/01\/rui-oliveira-1-768x768.jpg 768w\" sizes=\"auto, (max-width: 1080px) 100vw, 1080px\" \/><\/figure>\n<\/div>\n\n\n<p class=\"has-text-align-center\"><strong>Rui Oliveira<\/strong><br>INESC TEC &amp; University of Minho, Portugal<\/p>\n<\/div>\n<\/div>\n\n\n\n<div style=\"height:53px\" aria-hidden=\"true\" class=\"wp-block-spacer\"><\/div>\n\n\n\n<div class=\"wp-block-columns is-layout-flex wp-container-core-columns-is-layout-9d6595d7 wp-block-columns-is-layout-flex\">\n<div class=\"wp-block-column is-layout-flow wp-block-column-is-layout-flow\">\n<h3 class=\"wp-block-heading has-text-align-center\">Workshop Chair<\/h3>\n\n\n<div class=\"wp-block-image is-style-rounded\">\n<figure class=\"aligncenter size-full is-resized\"><img loading=\"lazy\" decoding=\"async\" width=\"1080\" height=\"1080\" src=\"https:\/\/ladc.sbc.org.br\/2025\/wp-content\/uploads\/2025\/02\/Jamilson_Dantas.jpg\" alt=\"\" class=\"wp-image-4545\" style=\"width:auto;height:200px\" srcset=\"https:\/\/ladc.sbc.org.br\/2025\/wp-content\/uploads\/2025\/02\/Jamilson_Dantas.jpg 1080w, https:\/\/ladc.sbc.org.br\/2025\/wp-content\/uploads\/2025\/02\/Jamilson_Dantas-300x300.jpg 300w, https:\/\/ladc.sbc.org.br\/2025\/wp-content\/uploads\/2025\/02\/Jamilson_Dantas-1024x1024.jpg 1024w, https:\/\/ladc.sbc.org.br\/2025\/wp-content\/uploads\/2025\/02\/Jamilson_Dantas-150x150.jpg 150w, https:\/\/ladc.sbc.org.br\/2025\/wp-content\/uploads\/2025\/02\/Jamilson_Dantas-768x768.jpg 768w\" sizes=\"auto, (max-width: 1080px) 100vw, 1080px\" \/><\/figure>\n<\/div>\n\n\n<p class=\"has-text-align-center\"><strong>Jamilson Ramalho Dantas<\/strong><br>UFPE, Brazil<\/p>\n<\/div>\n\n\n\n<div class=\"wp-block-column is-layout-flow wp-block-column-is-layout-flow\">\n<h3 class=\"wp-block-heading has-text-align-center\">Industry Track Chair<\/h3>\n\n\n<div class=\"wp-block-image is-style-rounded\">\n<figure class=\"aligncenter size-full is-resized\"><img loading=\"lazy\" decoding=\"async\" width=\"1080\" height=\"1080\" src=\"https:\/\/ladc.sbc.org.br\/2025\/wp-content\/uploads\/2025\/02\/lasaro.jpg\" alt=\"\" class=\"wp-image-4546\" style=\"width:auto;height:200px\" srcset=\"https:\/\/ladc.sbc.org.br\/2025\/wp-content\/uploads\/2025\/02\/lasaro.jpg 1080w, https:\/\/ladc.sbc.org.br\/2025\/wp-content\/uploads\/2025\/02\/lasaro-300x300.jpg 300w, https:\/\/ladc.sbc.org.br\/2025\/wp-content\/uploads\/2025\/02\/lasaro-1024x1024.jpg 1024w, https:\/\/ladc.sbc.org.br\/2025\/wp-content\/uploads\/2025\/02\/lasaro-150x150.jpg 150w, https:\/\/ladc.sbc.org.br\/2025\/wp-content\/uploads\/2025\/02\/lasaro-768x768.jpg 768w\" sizes=\"auto, (max-width: 1080px) 100vw, 1080px\" \/><\/figure>\n<\/div>\n\n\n<p class=\"has-text-align-center\"><strong>L\u00e1saro Jonas Camargos<\/strong><br>Weilliptic Inc, USA<\/p>\n<\/div>\n\n\n\n<div class=\"wp-block-column is-layout-flow wp-block-column-is-layout-flow\">\n<h3 class=\"wp-block-heading has-text-align-center\">Fast Abstract Chair<\/h3>\n\n\n<div class=\"wp-block-image is-style-rounded\">\n<figure class=\"aligncenter size-full is-resized\"><img loading=\"lazy\" decoding=\"async\" width=\"1080\" height=\"1080\" src=\"https:\/\/ladc.sbc.org.br\/2025\/wp-content\/uploads\/2025\/03\/Nicolas.jpg\" alt=\"\" class=\"wp-image-4565\" style=\"width:auto;height:200px\" srcset=\"https:\/\/ladc.sbc.org.br\/2025\/wp-content\/uploads\/2025\/03\/Nicolas.jpg 1080w, https:\/\/ladc.sbc.org.br\/2025\/wp-content\/uploads\/2025\/03\/Nicolas-300x300.jpg 300w, https:\/\/ladc.sbc.org.br\/2025\/wp-content\/uploads\/2025\/03\/Nicolas-1024x1024.jpg 1024w, https:\/\/ladc.sbc.org.br\/2025\/wp-content\/uploads\/2025\/03\/Nicolas-150x150.jpg 150w, https:\/\/ladc.sbc.org.br\/2025\/wp-content\/uploads\/2025\/03\/Nicolas-768x768.jpg 768w\" sizes=\"auto, (max-width: 1080px) 100vw, 1080px\" \/><\/figure>\n<\/div>\n\n\n<p class=\"has-text-align-center\"><strong>Nicol\u00e1s Hidalgo Castillo<\/strong><br>UDP, Chile<\/p>\n<\/div>\n<\/div>\n\n\n\n<div style=\"height:53px\" aria-hidden=\"true\" class=\"wp-block-spacer\"><\/div>\n\n\n\n<div class=\"wp-block-columns is-layout-flex wp-container-core-columns-is-layout-9d6595d7 wp-block-columns-is-layout-flex\">\n<div class=\"wp-block-column is-layout-flow wp-block-column-is-layout-flow\">\n<h3 class=\"wp-block-heading has-text-align-center\">Student Forum Chair<\/h3>\n\n\n<div class=\"wp-block-image is-style-rounded\">\n<figure class=\"aligncenter size-full is-resized\"><img loading=\"lazy\" decoding=\"async\" width=\"1080\" height=\"1080\" src=\"https:\/\/ladc.sbc.org.br\/2025\/wp-content\/uploads\/2025\/02\/Rafael-Obelheiro.jpg\" alt=\"\" class=\"wp-image-4559\" style=\"width:auto;height:200px\" srcset=\"https:\/\/ladc.sbc.org.br\/2025\/wp-content\/uploads\/2025\/02\/Rafael-Obelheiro.jpg 1080w, https:\/\/ladc.sbc.org.br\/2025\/wp-content\/uploads\/2025\/02\/Rafael-Obelheiro-300x300.jpg 300w, https:\/\/ladc.sbc.org.br\/2025\/wp-content\/uploads\/2025\/02\/Rafael-Obelheiro-1024x1024.jpg 1024w, https:\/\/ladc.sbc.org.br\/2025\/wp-content\/uploads\/2025\/02\/Rafael-Obelheiro-150x150.jpg 150w, https:\/\/ladc.sbc.org.br\/2025\/wp-content\/uploads\/2025\/02\/Rafael-Obelheiro-768x768.jpg 768w\" sizes=\"auto, (max-width: 1080px) 100vw, 1080px\" \/><\/figure>\n<\/div>\n\n\n<p class=\"has-text-align-center\"><strong>Rafael Obelheiro<\/strong><br>UDESC, Brazil<\/p>\n<\/div>\n\n\n\n<div class=\"wp-block-column is-layout-flow wp-block-column-is-layout-flow\">\n<h3 class=\"wp-block-heading has-text-align-center\">Publicity Chair<\/h3>\n\n\n<div class=\"wp-block-image is-style-rounded\">\n<figure class=\"aligncenter size-full is-resized\"><img loading=\"lazy\" decoding=\"async\" width=\"1080\" height=\"1080\" src=\"https:\/\/ladc.sbc.org.br\/2025\/wp-content\/uploads\/2025\/02\/regina.jpg\" alt=\"\" class=\"wp-image-4557\" style=\"width:auto;height:200px\" srcset=\"https:\/\/ladc.sbc.org.br\/2025\/wp-content\/uploads\/2025\/02\/regina.jpg 1080w, https:\/\/ladc.sbc.org.br\/2025\/wp-content\/uploads\/2025\/02\/regina-300x300.jpg 300w, https:\/\/ladc.sbc.org.br\/2025\/wp-content\/uploads\/2025\/02\/regina-1024x1024.jpg 1024w, https:\/\/ladc.sbc.org.br\/2025\/wp-content\/uploads\/2025\/02\/regina-150x150.jpg 150w, https:\/\/ladc.sbc.org.br\/2025\/wp-content\/uploads\/2025\/02\/regina-768x768.jpg 768w\" sizes=\"auto, (max-width: 1080px) 100vw, 1080px\" \/><\/figure>\n<\/div>\n\n\n<p class=\"has-text-align-center\"><strong>Regina Moraes<\/strong><br>UNICAMP, Brazil<\/p>\n<\/div>\n\n\n\n<div class=\"wp-block-column is-layout-flow wp-block-column-is-layout-flow\">\n<h3 class=\"wp-block-heading has-text-align-center\">Publication Chair<\/h3>\n\n\n<div class=\"wp-block-image is-style-rounded\">\n<figure class=\"aligncenter size-full is-resized\"><img loading=\"lazy\" decoding=\"async\" width=\"1080\" height=\"1080\" src=\"https:\/\/ladc.sbc.org.br\/2025\/wp-content\/uploads\/2025\/02\/Leonardo-Montecchi.jpg\" alt=\"\" class=\"wp-image-4547\" style=\"width:auto;height:200px\" srcset=\"https:\/\/ladc.sbc.org.br\/2025\/wp-content\/uploads\/2025\/02\/Leonardo-Montecchi.jpg 1080w, https:\/\/ladc.sbc.org.br\/2025\/wp-content\/uploads\/2025\/02\/Leonardo-Montecchi-300x300.jpg 300w, https:\/\/ladc.sbc.org.br\/2025\/wp-content\/uploads\/2025\/02\/Leonardo-Montecchi-1024x1024.jpg 1024w, https:\/\/ladc.sbc.org.br\/2025\/wp-content\/uploads\/2025\/02\/Leonardo-Montecchi-150x150.jpg 150w, https:\/\/ladc.sbc.org.br\/2025\/wp-content\/uploads\/2025\/02\/Leonardo-Montecchi-768x768.jpg 768w\" sizes=\"auto, (max-width: 1080px) 100vw, 1080px\" \/><\/figure>\n<\/div>\n\n\n<p class=\"has-text-align-center\"><strong>Leonardo Montecchi<\/strong><br>NTNU, Norway<\/p>\n<\/div>\n<\/div>\n\n\n\n<div style=\"height:53px\" aria-hidden=\"true\" class=\"wp-block-spacer\"><\/div>\n\n\n\n<h3 class=\"wp-block-heading has-text-align-center\">Patronage Chairs<\/h3>\n\n\n\n<div class=\"wp-block-columns is-layout-flex wp-container-core-columns-is-layout-9d6595d7 wp-block-columns-is-layout-flex\">\n<div class=\"wp-block-column is-layout-flow wp-block-column-is-layout-flow\"><div class=\"wp-block-image is-style-rounded\">\n<figure class=\"aligncenter size-full is-resized\"><img loading=\"lazy\" decoding=\"async\" width=\"1080\" height=\"1080\" src=\"https:\/\/ladc.sbc.org.br\/2025\/wp-content\/uploads\/2025\/02\/Vinicius-Fulber-Garcia.jpg\" alt=\"\" class=\"wp-image-4548\" style=\"width:auto;height:200px\" srcset=\"https:\/\/ladc.sbc.org.br\/2025\/wp-content\/uploads\/2025\/02\/Vinicius-Fulber-Garcia.jpg 1080w, https:\/\/ladc.sbc.org.br\/2025\/wp-content\/uploads\/2025\/02\/Vinicius-Fulber-Garcia-300x300.jpg 300w, https:\/\/ladc.sbc.org.br\/2025\/wp-content\/uploads\/2025\/02\/Vinicius-Fulber-Garcia-1024x1024.jpg 1024w, https:\/\/ladc.sbc.org.br\/2025\/wp-content\/uploads\/2025\/02\/Vinicius-Fulber-Garcia-150x150.jpg 150w, https:\/\/ladc.sbc.org.br\/2025\/wp-content\/uploads\/2025\/02\/Vinicius-Fulber-Garcia-768x768.jpg 768w\" sizes=\"auto, (max-width: 1080px) 100vw, 1080px\" \/><\/figure>\n<\/div>\n\n\n<p class=\"has-text-align-center\"><strong>Vinicius Fulber-Garcia<\/strong><br>UFPR, Brazil<\/p>\n<\/div>\n\n\n\n<div class=\"wp-block-column is-layout-flow wp-block-column-is-layout-flow\"><div class=\"wp-block-image is-style-rounded\">\n<figure class=\"aligncenter size-full is-resized\"><img loading=\"lazy\" decoding=\"async\" width=\"1080\" height=\"1080\" src=\"https:\/\/ladc.sbc.org.br\/2025\/wp-content\/uploads\/2025\/03\/jose_flauzino_profile.jpg\" alt=\"\" class=\"wp-image-4573\" style=\"width:auto;height:200px\" srcset=\"https:\/\/ladc.sbc.org.br\/2025\/wp-content\/uploads\/2025\/03\/jose_flauzino_profile.jpg 1080w, https:\/\/ladc.sbc.org.br\/2025\/wp-content\/uploads\/2025\/03\/jose_flauzino_profile-300x300.jpg 300w, https:\/\/ladc.sbc.org.br\/2025\/wp-content\/uploads\/2025\/03\/jose_flauzino_profile-1024x1024.jpg 1024w, https:\/\/ladc.sbc.org.br\/2025\/wp-content\/uploads\/2025\/03\/jose_flauzino_profile-150x150.jpg 150w, https:\/\/ladc.sbc.org.br\/2025\/wp-content\/uploads\/2025\/03\/jose_flauzino_profile-768x768.jpg 768w\" sizes=\"auto, (max-width: 1080px) 100vw, 1080px\" \/><\/figure>\n<\/div>\n\n\n<p class=\"has-text-align-center\"><strong>Jos\u00e9 Flauzino<\/strong><br>UFPR, Brazil<\/p>\n<\/div>\n<\/div>\n\n\n\n<div style=\"height:53px\" aria-hidden=\"true\" class=\"wp-block-spacer\"><\/div>\n\n\n\n<h2 class=\"wp-block-heading has-text-align-center\">Webmaster &amp; Social Media<\/h2>\n\n\n\n<div class=\"wp-block-columns is-layout-flex wp-container-core-columns-is-layout-9d6595d7 wp-block-columns-is-layout-flex\">\n<div class=\"wp-block-column is-layout-flow wp-block-column-is-layout-flow\"><div class=\"wp-block-image is-style-rounded\">\n<figure class=\"aligncenter size-full is-resized\"><img loading=\"lazy\" decoding=\"async\" width=\"1080\" height=\"1080\" src=\"https:\/\/ladc.sbc.org.br\/2025\/wp-content\/uploads\/2025\/03\/jose_flauzino_profile.jpg\" alt=\"\" class=\"wp-image-4573\" style=\"width:auto;height:200px\" srcset=\"https:\/\/ladc.sbc.org.br\/2025\/wp-content\/uploads\/2025\/03\/jose_flauzino_profile.jpg 1080w, https:\/\/ladc.sbc.org.br\/2025\/wp-content\/uploads\/2025\/03\/jose_flauzino_profile-300x300.jpg 300w, https:\/\/ladc.sbc.org.br\/2025\/wp-content\/uploads\/2025\/03\/jose_flauzino_profile-1024x1024.jpg 1024w, https:\/\/ladc.sbc.org.br\/2025\/wp-content\/uploads\/2025\/03\/jose_flauzino_profile-150x150.jpg 150w, https:\/\/ladc.sbc.org.br\/2025\/wp-content\/uploads\/2025\/03\/jose_flauzino_profile-768x768.jpg 768w\" sizes=\"auto, (max-width: 1080px) 100vw, 1080px\" \/><\/figure>\n<\/div>\n\n\n<p class=\"has-text-align-center\"><strong>Jos\u00e9 Flauzino<\/strong><br>UFPR, Brazil<\/p>\n<\/div>\n<\/div>\n\n\n\n<h3 class=\"wp-block-heading\">Steering Committee<\/h3>\n\n\n\n<ul class=\"wp-block-list\">\n<li>Elias P. Duarte Jr. (UFPR, Brazil) \u2013 Permanent<\/li>\n\n\n\n<li>Marco Vieira (UNC Charlotte, EUA) \u2013 Permament<\/li>\n\n\n\n<li>Felicita Di Giandomenico (ISTI, Italy) \u2013 Permanent Member<\/li>\n\n\n\n<li>Allan Edgard Silva Freitas (IFBA, Brazil) \u2013 CE-TF Coordinator (2025-2026)<\/li>\n\n\n\n<li>Paulo Rodolfo da Silva Leite Coelho \u2013 CE-TF Vice-Coordinator (2025-2026)<\/li>\n\n\n\n<li>Fernando Dotti (PUC, Brazil) \u2013 PC Co-Chair LADC\u201924<\/li>\n\n\n\n<li>Nuno Laranjeiro (UC, Portugal) \u2013 PC Co-Chair LADC\u201924<\/li>\n\n\n\n<li>Roberto Natella (Universit\u00e0 degli Studi di Napoli Federico II, Italy) \u2013 PC Co-Chair LADC\u201923<\/li>\n\n\n\n<li>Fab\u00edola Greve (UFBA, Brazil) \u2013 \u2013 PC Co-Chair LADC\u201923 (<em>In-memoriam<\/em>)<\/li>\n\n\n\n<li>Eduardo Alchieri (UnB, Brazil) \u2013 PC Co-Chair LADC\u201922<\/li>\n\n\n\n<li>Jos\u00e9 Orlando Pereira (Uminho, Portugal) \u2013 PC Co-Chair LADC\u201922<\/li>\n<\/ul>\n","protected":false},"excerpt":{"rendered":"<p>General Chairs Edson Tavares de CamargoFederal Technological University of Paran\u00e1, Braziledson@utfpr.edu.br Odorico MendizabalFederal University of Santa Catarina, Brazilodorico.mendizabal@ufsc.br Sebasti\u00e1n Berr\u00edos V\u00e1squezPUCV, Chilesebastian.berrios@pucv.cl Program Chairs Luiz Antonio RodriguesWestern Parana State University, Brazil Rui OliveiraINESC TEC &amp; University of Minho, Portugal Workshop Chair Jamilson Ramalho DantasUFPE, Brazil Industry Track Chair L\u00e1saro Jonas CamargosWeilliptic Inc, USA Fast Abstract [&hellip;]<\/p>\n","protected":false},"author":1,"featured_media":0,"parent":0,"menu_order":0,"comment_status":"closed","ping_status":"closed","template":"","meta":{"footnotes":""},"class_list":["post-7","page","type-page","status-publish","hentry"],"_links":{"self":[{"href":"https:\/\/ladc.sbc.org.br\/2025\/wp-json\/wp\/v2\/pages\/7","targetHints":{"allow":["GET"]}}],"collection":[{"href":"https:\/\/ladc.sbc.org.br\/2025\/wp-json\/wp\/v2\/pages"}],"about":[{"href":"https:\/\/ladc.sbc.org.br\/2025\/wp-json\/wp\/v2\/types\/page"}],"author":[{"embeddable":true,"href":"https:\/\/ladc.sbc.org.br\/2025\/wp-json\/wp\/v2\/users\/1"}],"replies":[{"embeddable":true,"href":"https:\/\/ladc.sbc.org.br\/2025\/wp-json\/wp\/v2\/comments?post=7"}],"version-history":[{"count":297,"href":"https:\/\/ladc.sbc.org.br\/2025\/wp-json\/wp\/v2\/pages\/7\/revisions"}],"predecessor-version":[{"id":4694,"href":"https:\/\/ladc.sbc.org.br\/2025\/wp-json\/wp\/v2\/pages\/7\/revisions\/4694"}],"wp:attachment":[{"href":"https:\/\/ladc.sbc.org.br\/2025\/wp-json\/wp\/v2\/media?parent=7"}],"curies":[{"name":"wp","href":"https:\/\/api.w.org\/{rel}","templated":true}]}}